{"id":2902,"date":"2022-09-12T09:33:57","date_gmt":"2022-09-12T07:33:57","guid":{"rendered":"https:\/\/landing.mutua-ingenieros.com\/?page_id=2902"},"modified":"2022-09-30T09:20:47","modified_gmt":"2022-09-30T07:20:47","slug":"014-bases-promocion","status":"publish","type":"page","link":"https:\/\/landing.mutua-ingenieros.com\/index.php\/014-bases-promocion\/","title":{"rendered":"014- Bases Promoci\u00f3n Perfiles de persona"},"content":{"rendered":"\t\t<div data-elementor-type=\"wp-page\" data-elementor-id=\"2902\" class=\"elementor elementor-2902\" data-elementor-post-type=\"page\">\n\t\t\t\t\t\t<section class=\"elementor-section elementor-top-section elementor-element elementor-element-b8711d2 elementor-section-boxed elementor-section-height-default elementor-section-height-default\" data-id=\"b8711d2\" data-element_type=\"section\" data-e-type=\"section\">\n\t\t\t\t\t\t<div class=\"elementor-container elementor-column-gap-default\">\n\t\t\t\t\t<div class=\"elementor-column elementor-col-100 elementor-top-column elementor-element elementor-element-209362b\" data-id=\"209362b\" data-element_type=\"column\" data-e-type=\"column\">\n\t\t\t<div class=\"elementor-widget-wrap elementor-element-populated\">\n\t\t\t\t\t\t<div class=\"elementor-element elementor-element-cfbd166 elementor-widget elementor-widget-image\" data-id=\"cfbd166\" data-element_type=\"widget\" data-e-type=\"widget\" data-widget_type=\"image.default\">\n\t\t\t\t<div class=\"elementor-widget-container\">\n\t\t\t\t\t\t\t\t\t\t\t\t\t\t\t<img decoding=\"async\" width=\"300\" height=\"147\" src=\"https:\/\/landing.mutua-ingenieros.com\/wp-content\/uploads\/2022\/04\/mutua-cast-PNG-300x147.png\" class=\"attachment-medium size-medium wp-image-1313\" alt=\"\" srcset=\"https:\/\/landing.mutua-ingenieros.com\/wp-content\/uploads\/2022\/04\/mutua-cast-PNG-300x147.png 300w, https:\/\/landing.mutua-ingenieros.com\/wp-content\/uploads\/2022\/04\/mutua-cast-PNG-768x377.png 768w, https:\/\/landing.mutua-ingenieros.com\/wp-content\/uploads\/2022\/04\/mutua-cast-PNG.png 1008w\" sizes=\"100vw\" \/>\t\t\t\t\t\t\t\t\t\t\t\t\t\t\t<\/div>\n\t\t\t\t<\/div>\n\t\t\t\t\t<\/div>\n\t\t<\/div>\n\t\t\t\t\t<\/div>\n\t\t<\/section>\n\t\t\t\t<section class=\"elementor-section elementor-top-section elementor-element elementor-element-6045907 elementor-section-height-min-height elementor-section-boxed elementor-section-height-default elementor-section-items-middle\" data-id=\"6045907\" data-element_type=\"section\" data-e-type=\"section\" data-settings=\"{&quot;background_background&quot;:&quot;classic&quot;}\">\n\t\t\t\t\t\t<div class=\"elementor-container elementor-column-gap-default\">\n\t\t\t\t\t<div class=\"elementor-column elementor-col-100 elementor-top-column elementor-element elementor-element-31eaf5d\" data-id=\"31eaf5d\" data-element_type=\"column\" data-e-type=\"column\">\n\t\t\t<div class=\"elementor-widget-wrap elementor-element-populated\">\n\t\t\t\t\t\t<div class=\"elementor-element elementor-element-901bf98 elementor-widget elementor-widget-heading\" data-id=\"901bf98\" data-element_type=\"widget\" data-e-type=\"widget\" data-widget_type=\"heading.default\">\n\t\t\t\t<div class=\"elementor-widget-container\">\n\t\t\t\t\t<h1 class=\"elementor-heading-title elementor-size-default\">Bases de la promoci\u00f3n<\/h1>\t\t\t\t<\/div>\n\t\t\t\t<\/div>\n\t\t\t\t\t<\/div>\n\t\t<\/div>\n\t\t\t\t\t<\/div>\n\t\t<\/section>\n\t\t\t\t<section class=\"elementor-section elementor-top-section elementor-element elementor-element-06ce252 elementor-section-boxed elementor-section-height-default elementor-section-height-default\" data-id=\"06ce252\" data-element_type=\"section\" data-e-type=\"section\">\n\t\t\t\t\t\t<div class=\"elementor-container elementor-column-gap-default\">\n\t\t\t\t\t<div class=\"elementor-column elementor-col-100 elementor-top-column elementor-element elementor-element-ad94538\" data-id=\"ad94538\" data-element_type=\"column\" data-e-type=\"column\">\n\t\t\t<div class=\"elementor-widget-wrap elementor-element-populated\">\n\t\t\t\t\t\t<div class=\"elementor-element elementor-element-fddc44f elementor-widget elementor-widget-text-editor\" data-id=\"fddc44f\" data-element_type=\"widget\" data-e-type=\"widget\" data-widget_type=\"text-editor.default\">\n\t\t\t\t<div class=\"elementor-widget-container\">\n\t\t\t\t\t\t\t\t\t<p><strong>1. Empresa Organizadora<\/strong><br \/>La empresa organizadora de la acci\u00f3n \u201cREGALO EXPERIENCIA \u2013 ESCOGE TU PERFIL\u201d (de ahora en adelante, \u201cla Acci\u00f3n\u201d), que se regula mediante las presentes bases (de ahora en adelante, \u201cBases\u201d), es LA MUTUALITAT DELS ENGINYERS MPS, con domicilio en V\u00cdA LAYETANA 39, 2\u00aa planta, 08003 Barcelona (de ahora en adelante, LA MUTUA).<\/p><p><strong>2. Periodo de la Acci\u00f3n y \u00e1mbito territorial<\/strong><br \/>La vigencia de la Acci\u00f3n \u201cREGALO EXPERIENCIA \u2013 ESCOGE TU PERFIL\u201d y, por lo tanto, de su beneficio por parte de los participantes, ser\u00e1 <b>desde el 27 de septiembre de 2022 al 30 de septiembre de 2023<\/b>. LA MUTUA se reserva el derecho a modificar o cancelar, sin necesidad de justificaci\u00f3n y en cualquier momento, las presentes Bases y la Acci\u00f3n. <br \/>La Acci\u00f3n ser\u00e1 v\u00e1lida para participantes residentes en el territorio espa\u00f1ol.<\/p><p><strong>3. Objeto<\/strong><br \/>Esta Acci\u00f3n permitir\u00e1 a los participantes que cumplan los requisitos beneficiarse de un obsequio en forma de CAJA SMARTBOX DESEOS (de ahora en adelante, \u201cBeneficio\u201d) valorado en 120 euros.<\/p><p><strong>4. Requisitos para tener derecho al Beneficio<\/strong><br \/>\u2022 Ser persona f\u00edsica mayor de edad con capacidad para contratar seguros de riesgo a trav\u00e9s de LA MUTUA. <br \/>\u2022 Si en fecha de inicio de la Acci\u00f3n, el participante no es tomador\/a de ning\u00fan seguro de riesgo a trav\u00e9s de LA MUTUA, debe contratar durante el periodo de la Acci\u00f3n, como m\u00ednimo dos prestaciones de riesgo de LA MUTUA que supongan, entre las prestaciones suscritas, una prima total anual que sume como m\u00ednimo 300 euros. <br \/>\u2022 La persona asegurada de las prestaciones contratadas puede ser la misma persona contratante u otra persona.<br \/>\u2022 Si en fecha de inicio de la Acci\u00f3n el participante ya es tomador\/a de uno o m\u00e1s seguros de riesgo a trav\u00e9s de LA MUTUA, debe contratar durante el periodo de la Acci\u00f3n, como m\u00ednimo una nueva prestaci\u00f3n de riesgo de LA MUTUA que suponga una prima total anual de como m\u00ednimo 300 euros. Si la prima total anual de la nueva prestaci\u00f3n no llega a los 300 euros, para cumplir el requisito, puede ampliar la cobertura de alguna de las prestaciones ya contratadas, de tal forma que la prima total anual correspondiente a la ampliaci\u00f3n sumada a la prima total anual de la nueva prestaci\u00f3n, llegue a los 300 euros. En cualquier caso, es imprescindible contratar al menos una nueva prestaci\u00f3n.<br \/>\u2022 Suscribir la pertinente solicitud de inscripci\u00f3n\/alta, recibiendo de LA MUTUA toda la informaci\u00f3n previa relativa a las coberturas interesadas, de acuerdo con la normativa de aplicaci\u00f3n. <br \/>\u2022 La persona asegurada de las prestaciones o ampliaciones debe responder y\/o completar el\/los cuestionario\/s que le presente LA MUTUA con la finalidad de detectar los aspectos relevantes relativos al riesgo que se quiere asegurar.<br \/>\u2022 La persona asegurada debe someterse a los reconocimientos m\u00e9dicos o cualquier otra medida o requerimiento de selecci\u00f3n\/evaluaci\u00f3n de riesgos que LA MUTUA estime conveniente realizar. <br \/>\u2022 Autorizaci\u00f3n por escrito de la persona asegurada cuando \u00e9sta no coincida con la persona suscriptora.<\/p><p><strong>5. Prestaciones aseguradoras incluidas en la Acci\u00f3n<\/strong><br \/>Las prestaciones aseguradoras de LA MUTUA susceptibles de contratar o ampliar, seg\u00fan el punto anterior, son las siguientes:<br \/>&#8211; Vida Temporal.<br \/>&#8211; Vida Inspirit.<br \/>&#8211; Renta de Invalidez.<br \/>&#8211; Renta de Estudios.<br \/>&#8211; Gran Dependencia.<br \/>&#8211; Dependencia Severa.<br \/>&#8211; Accidentes.<br \/>&#8211; Baja Laboral.<br \/>&#8211; Enfermedades Graves.<br \/>&#8211; Gastos Quir\u00fargicos.<br \/>&#8211; Hospitalizaci\u00f3n.<\/p><p><strong>6. Persona beneficiaria de la Acci\u00f3n<\/strong><br \/>La persona beneficiaria de la Acci\u00f3n es la persona contratante\/tomadora de las prestaciones aseguradoras indicadas en el punto 5, que cumpla los requisitos indicados en el punto 4.<\/p><p><strong>7. Acceso al Beneficio<\/strong><br \/>La entrega del Beneficio se realizar\u00e1 una sola vez, en ning\u00fan caso en futuras renovaciones de las prestaciones contratadas y\/o ampliadas. Con independencia del n\u00famero total de prestaciones contratadas y\/o ampliadas, y del exceso de la prima total anual por encima de los 300 euros requeridos, \u00fanicamente se tendr\u00e1 derecho a una CAJA SMARTBOX DESEOS por persona en el caso de cumplir con los requisitos exigidos. <br \/>El env\u00edo del Beneficio, el SMARTBOX DESEOS, al beneficiario se realizar\u00e1 a partir de los 60 d\u00edas del cargo bancario correspondiente al recibo domiciliado que incluya la prima de las prestaciones contratadas y\/o ampliadas objetos de la Acci\u00f3n.<br \/>La CAJA SMARTBOX DESEOS\u00a0estar\u00e1 sujeto a los t\u00e9rminos y condiciones de uso de SMARTBOX.\u00a0<a href=\"https:\/\/www.smartbox.com\/es\/condiciones-generales-de-venta\/#tc-article-7\"><u>https:\/\/www.smartbox.com\/es\/condiciones-generales-de-venta\/#tc-article-7<\/u><\/a><\/p><p><strong>8. Exclusiones<\/strong><br \/>Quedan excluidas de la promoci\u00f3n aquellas contrataciones de prestaciones derivadas del reemplazo total o parcial de otras prestaciones que la persona contratante tenga en vigor, as\u00ed como los cambios de contratantes en prestaciones que mantienen a la misma persona asegurada.<\/p><p><strong>9. Aceptaci\u00f3n de las Bases<\/strong><br \/>Por el simple hecho de participar en la presente Acci\u00f3n, se aceptan las Bases y el criterio de LA MUTUA respecto a la resoluci\u00f3n de cualquier cuesti\u00f3n no contemplada en las mismas.<\/p><p><strong>10. Publicidad de las Bases<\/strong><br \/>Las presentes Bases de la Acci\u00f3n REGALO EXPERIENCIA \u2013 ESCOGE TU PERFIL se encuentran a disposici\u00f3n del p\u00fablico en la p\u00e1gina web:\u00a0<a href=\"https:\/\/landing.mutua-ingenieros.com\/index.php\/014-bases-promocion\/\"><u>https:\/\/landing.mutua-ingenieros.com\/index.php\/014-bases-promocion\/<\/u><\/a>.<\/p><p><strong>11. Protecci\u00f3n de Datos<\/strong><br \/>Para posibilitar el env\u00edo del obsequio CAJA SMARTBOX DESEOS, los beneficiarios de los mismos consienten expresamente que LA MUTUA comunique sus datos personales a <span style=\"color: #000000;\">SMARTBOX<\/span>, entendi\u00e9ndose que, de no mediar este consentimiento expreso, renuncian al obsequio. El disfrute de la CAJA\u00a0<span style=\"font-size: 1rem;\">SMARTBOX DESEOS<\/span><span style=\"font-size: 1rem;\">\u00a0est\u00e1 sujeto a las condiciones fijadas por SMARTBOX, y el tratamiento de los datos personales por parte de SMARTBOX se rigen por su pol\u00edtica de privacidad, que puede consultarse aqu\u00ed:\u00a0<\/span><u><a href=\"https:\/\/www.smartbox.com\/es\/proteccion-de-datos\/\">https:\/\/www.smartbox.com\/es\/proteccion-de-datos\/<\/a>.<\/u><\/p><p><strong>12. Tratamiento fiscal<\/strong><br \/>El obsequio entregado indicado en estas bases est\u00e1 sujeto a tributaci\u00f3n, y corresponde a la persona perceptora su declaraci\u00f3n a la Administraci\u00f3n tributaria competente.<\/p>\t\t\t\t\t\t\t\t<\/div>\n\t\t\t\t<\/div>\n\t\t\t\t\t<\/div>\n\t\t<\/div>\n\t\t\t\t\t<\/div>\n\t\t<\/section>\n\t\t\t\t<section class=\"elementor-section elementor-top-section elementor-element elementor-element-aeca5db elementor-section-height-min-height elementor-section-content-middle elementor-section-boxed elementor-section-height-default elementor-section-items-middle\" data-id=\"aeca5db\" data-element_type=\"section\" data-e-type=\"section\" data-settings=\"{&quot;background_background&quot;:&quot;classic&quot;}\">\n\t\t\t\t\t\t<div class=\"elementor-container elementor-column-gap-default\">\n\t\t\t\t\t<div class=\"elementor-column elementor-col-66 elementor-top-column elementor-element elementor-element-8ffb5fe\" data-id=\"8ffb5fe\" data-element_type=\"column\" data-e-type=\"column\">\n\t\t\t<div class=\"elementor-widget-wrap elementor-element-populated\">\n\t\t\t\t\t\t<div class=\"elementor-element elementor-element-7e81b6b elementor-widget elementor-widget-text-editor\" data-id=\"7e81b6b\" data-element_type=\"widget\" data-e-type=\"widget\" data-widget_type=\"text-editor.default\">\n\t\t\t\t<div class=\"elementor-widget-container\">\n\t\t\t\t\t\t\t\t\t<p><span style=\"color: #ffffff;\">La Mutua de los Ingenieros &#8211; Via Laietana, 39 2\u00ba piso &#8211; <\/span><span style=\"color: #ffffff;\">Tel\u00e9fono: 93 295 43 00 WhatsApp: 93 310 06 38.\u00a0 <\/span><a style=\"background-color: rgba(45, 45, 45, 0.47); color: #ffffff;\" href=\"http:\/\/landing.mutua-ingenieros.com\/index.php\/aviso-legal\/\">Aviso legal.<\/a><\/p>\t\t\t\t\t\t\t\t<\/div>\n\t\t\t\t<\/div>\n\t\t\t\t\t<\/div>\n\t\t<\/div>\n\t\t\t\t<div class=\"elementor-column elementor-col-33 elementor-top-column elementor-element elementor-element-ea1bb03\" data-id=\"ea1bb03\" data-element_type=\"column\" data-e-type=\"column\">\n\t\t\t<div class=\"elementor-widget-wrap elementor-element-populated\">\n\t\t\t\t\t\t<div class=\"elementor-element elementor-element-e4d9c0e e-grid-align-right e-grid-align-mobile-center elementor-shape-rounded elementor-grid-0 elementor-widget elementor-widget-social-icons\" data-id=\"e4d9c0e\" data-element_type=\"widget\" data-e-type=\"widget\" data-widget_type=\"social-icons.default\">\n\t\t\t\t<div class=\"elementor-widget-container\">\n\t\t\t\t\t\t\t<div class=\"elementor-social-icons-wrapper elementor-grid\" role=\"list\">\n\t\t\t\t\t\t\t<span class=\"elementor-grid-item\" role=\"listitem\">\n\t\t\t\t\t<a class=\"elementor-icon elementor-social-icon elementor-social-icon-linkedin-in elementor-repeater-item-415c051\" href=\"https:\/\/www.linkedin.com\/company\/lamutuadelsenginyers\" target=\"_blank\">\n\t\t\t\t\t\t<span class=\"elementor-screen-only\">Linkedin-in<\/span>\n\t\t\t\t\t\t<i aria-hidden=\"true\" class=\"fab fa-linkedin-in\"><\/i>\t\t\t\t\t<\/a>\n\t\t\t\t<\/span>\n\t\t\t\t\t\t\t<span class=\"elementor-grid-item\" role=\"listitem\">\n\t\t\t\t\t<a class=\"elementor-icon elementor-social-icon elementor-social-icon-twitter elementor-repeater-item-a3644d1\" href=\"https:\/\/twitter.com\/MutuaEnginyers\" target=\"_blank\">\n\t\t\t\t\t\t<span class=\"elementor-screen-only\">Twitter<\/span>\n\t\t\t\t\t\t<i aria-hidden=\"true\" class=\"fab fa-twitter\"><\/i>\t\t\t\t\t<\/a>\n\t\t\t\t<\/span>\n\t\t\t\t\t\t\t<span class=\"elementor-grid-item\" role=\"listitem\">\n\t\t\t\t\t<a class=\"elementor-icon elementor-social-icon elementor-social-icon-facebook-f elementor-repeater-item-993ef04\" href=\"https:\/\/www.facebook.com\/MutuaEnginyers\/\" target=\"_blank\">\n\t\t\t\t\t\t<span class=\"elementor-screen-only\">Facebook-f<\/span>\n\t\t\t\t\t\t<i aria-hidden=\"true\" class=\"fab fa-facebook-f\"><\/i>\t\t\t\t\t<\/a>\n\t\t\t\t<\/span>\n\t\t\t\t\t\t\t<span class=\"elementor-grid-item\" role=\"listitem\">\n\t\t\t\t\t<a class=\"elementor-icon elementor-social-icon elementor-social-icon-blog elementor-repeater-item-98ac601\" href=\"https:\/\/www.elblogdelaingenieria.com\/\" target=\"_blank\">\n\t\t\t\t\t\t<span class=\"elementor-screen-only\">Blog<\/span>\n\t\t\t\t\t\t<i aria-hidden=\"true\" class=\"fas fa-blog\"><\/i>\t\t\t\t\t<\/a>\n\t\t\t\t<\/span>\n\t\t\t\t\t<\/div>\n\t\t\t\t\t\t<\/div>\n\t\t\t\t<\/div>\n\t\t\t\t\t<\/div>\n\t\t<\/div>\n\t\t\t\t\t<\/div>\n\t\t<\/section>\n\t\t\t\t<\/div>\n\t\t","protected":false},"excerpt":{"rendered":"<p>Bases de la promoci\u00f3n 1. Empresa OrganizadoraLa empresa organizadora de la acci\u00f3n \u201cREGALO EXPERIENCIA \u2013 ESCOGE TU PERFIL\u201d (de ahora en adelante, \u201cla Acci\u00f3n\u201d), que se regula mediante las presentes bases (de ahora en adelante, \u201cBases\u201d), es LA MUTUALITAT DELS ENGINYERS MPS, con domicilio en V\u00cdA LAYETANA 39, 2\u00aa planta, 08003 Barcelona (de ahora en &hellip; <\/p>\n<p class=\"link-more\"><a href=\"https:\/\/landing.mutua-ingenieros.com\/index.php\/014-bases-promocion\/\" class=\"more-link\">Continue reading<span class=\"screen-reader-text\"> &#8220;014- Bases Promoci\u00f3n Perfiles de persona&#8221;<\/span><\/a><\/p>\n","protected":false},"author":5,"featured_media":0,"parent":0,"menu_order":0,"comment_status":"closed","ping_status":"closed","template":"elementor_canvas","meta":{"_monsterinsights_skip_tracking":false,"_monsterinsights_sitenote_active":false,"_monsterinsights_sitenote_note":"","_monsterinsights_sitenote_category":0,"_joinchat":[],"footnotes":""},"class_list":["post-2902","page","type-page","status-publish","hentry"],"_links":{"self":[{"href":"https:\/\/landing.mutua-ingenieros.com\/index.php\/wp-json\/wp\/v2\/pages\/2902","targetHints":{"allow":["GET"]}}],"collection":[{"href":"https:\/\/landing.mutua-ingenieros.com\/index.php\/wp-json\/wp\/v2\/pages"}],"about":[{"href":"https:\/\/landing.mutua-ingenieros.com\/index.php\/wp-json\/wp\/v2\/types\/page"}],"author":[{"embeddable":true,"href":"https:\/\/landing.mutua-ingenieros.com\/index.php\/wp-json\/wp\/v2\/users\/5"}],"replies":[{"embeddable":true,"href":"https:\/\/landing.mutua-ingenieros.com\/index.php\/wp-json\/wp\/v2\/comments?post=2902"}],"version-history":[{"count":74,"href":"https:\/\/landing.mutua-ingenieros.com\/index.php\/wp-json\/wp\/v2\/pages\/2902\/revisions"}],"predecessor-version":[{"id":3324,"href":"https:\/\/landing.mutua-ingenieros.com\/index.php\/wp-json\/wp\/v2\/pages\/2902\/revisions\/3324"}],"wp:attachment":[{"href":"https:\/\/landing.mutua-ingenieros.com\/index.php\/wp-json\/wp\/v2\/media?parent=2902"}],"curies":[{"name":"wp","href":"https:\/\/api.w.org\/{rel}","templated":true}]}}