{"id":3540,"date":"2022-10-04T17:18:48","date_gmt":"2022-10-04T15:18:48","guid":{"rendered":"https:\/\/landing.mutua-ingenieros.com\/?page_id=3540"},"modified":"2022-11-08T11:48:13","modified_gmt":"2022-11-08T09:48:13","slug":"avisolegal-calzado","status":"publish","type":"page","link":"https:\/\/landing.mutua-ingenieros.com\/index.php\/avisolegal-calzado\/","title":{"rendered":"Aviso legal Calzado"},"content":{"rendered":"\t\t<div data-elementor-type=\"wp-page\" data-elementor-id=\"3540\" class=\"elementor elementor-3540\" data-elementor-post-type=\"page\">\n\t\t\t\t\t\t<section class=\"elementor-section elementor-top-section elementor-element elementor-element-be34b49 elementor-section-boxed elementor-section-height-default elementor-section-height-default\" data-id=\"be34b49\" data-element_type=\"section\" data-e-type=\"section\">\n\t\t\t\t\t\t<div class=\"elementor-container elementor-column-gap-default\">\n\t\t\t\t\t<div class=\"elementor-column elementor-col-100 elementor-top-column elementor-element elementor-element-e166b8b\" data-id=\"e166b8b\" data-element_type=\"column\" data-e-type=\"column\">\n\t\t\t<div class=\"elementor-widget-wrap\">\n\t\t\t\t\t\t\t<\/div>\n\t\t<\/div>\n\t\t\t\t\t<\/div>\n\t\t<\/section>\n\t\t\t\t<section class=\"elementor-section elementor-top-section elementor-element elementor-element-f683c69 elementor-section-boxed elementor-section-height-default elementor-section-height-default\" data-id=\"f683c69\" data-element_type=\"section\" data-e-type=\"section\">\n\t\t\t\t\t\t<div class=\"elementor-container elementor-column-gap-default\">\n\t\t\t\t\t<div class=\"elementor-column elementor-col-100 elementor-top-column elementor-element elementor-element-79cd63a\" data-id=\"79cd63a\" data-element_type=\"column\" data-e-type=\"column\">\n\t\t\t<div class=\"elementor-widget-wrap elementor-element-populated\">\n\t\t\t\t\t\t<div class=\"elementor-element elementor-element-99027c2 elementor-widget elementor-widget-image\" data-id=\"99027c2\" data-element_type=\"widget\" data-e-type=\"widget\" data-widget_type=\"image.default\">\n\t\t\t\t<div class=\"elementor-widget-container\">\n\t\t\t\t\t\t\t\t\t\t\t\t\t\t\t<img decoding=\"async\" width=\"300\" height=\"82\" src=\"https:\/\/landing.mutua-ingenieros.com\/wp-content\/uploads\/2022\/09\/calzado-ariet-300x82.jpg\" class=\"attachment-medium size-medium wp-image-3429\" alt=\"\" srcset=\"https:\/\/landing.mutua-ingenieros.com\/wp-content\/uploads\/2022\/09\/calzado-ariet-300x82.jpg 300w, https:\/\/landing.mutua-ingenieros.com\/wp-content\/uploads\/2022\/09\/calzado-ariet.jpg 500w\" sizes=\"100vw\" \/>\t\t\t\t\t\t\t\t\t\t\t\t\t\t\t<\/div>\n\t\t\t\t<\/div>\n\t\t\t\t\t<\/div>\n\t\t<\/div>\n\t\t\t\t\t<\/div>\n\t\t<\/section>\n\t\t\t\t<section class=\"elementor-section elementor-top-section elementor-element elementor-element-d9db911 elementor-section-boxed elementor-section-height-default elementor-section-height-default\" data-id=\"d9db911\" data-element_type=\"section\" data-e-type=\"section\">\n\t\t\t\t\t\t<div class=\"elementor-container elementor-column-gap-default\">\n\t\t\t\t\t<div class=\"elementor-column elementor-col-100 elementor-top-column elementor-element elementor-element-9a0bbb1\" data-id=\"9a0bbb1\" data-element_type=\"column\" data-e-type=\"column\">\n\t\t\t<div class=\"elementor-widget-wrap elementor-element-populated\">\n\t\t\t\t\t\t<div class=\"elementor-element elementor-element-ab8c69d elementor-widget elementor-widget-heading\" data-id=\"ab8c69d\" data-element_type=\"widget\" data-e-type=\"widget\" data-widget_type=\"heading.default\">\n\t\t\t\t<div class=\"elementor-widget-container\">\n\t\t\t\t\t<h2 class=\"elementor-heading-title elementor-size-default\">Aviso Legal y Pol\u00edtica de Cookies<\/h2>\t\t\t\t<\/div>\n\t\t\t\t<\/div>\n\t\t\t\t\t<\/div>\n\t\t<\/div>\n\t\t\t\t\t<\/div>\n\t\t<\/section>\n\t\t\t\t<section class=\"elementor-section elementor-top-section elementor-element elementor-element-1288fb1 elementor-section-boxed elementor-section-height-default elementor-section-height-default\" data-id=\"1288fb1\" data-element_type=\"section\" data-e-type=\"section\">\n\t\t\t\t\t\t<div class=\"elementor-container elementor-column-gap-default\">\n\t\t\t\t\t<div class=\"elementor-column elementor-col-100 elementor-top-column elementor-element elementor-element-e94b2b9\" data-id=\"e94b2b9\" data-element_type=\"column\" data-e-type=\"column\">\n\t\t\t<div class=\"elementor-widget-wrap elementor-element-populated\">\n\t\t\t\t\t\t<div class=\"elementor-element elementor-element-4857016 elementor-widget elementor-widget-text-editor\" data-id=\"4857016\" data-element_type=\"widget\" data-e-type=\"widget\" data-widget_type=\"text-editor.default\">\n\t\t\t\t<div class=\"elementor-widget-container\">\n\t\t\t\t\t\t\t\t\t<p><b style=\"text-align: justify; color: var( --e-global-color-text );\"><span style=\"font-size:12.0pt;mso-ansi-language:CA\">Datos de la\ncorredur\u00eda<\/span><\/b><br><\/p><p style=\"margin-bottom:2.0pt;text-align:justify\"><span lang=\"ES\" style=\"font-size:12.0pt\">CALZADO ARIET Y ASOCIADOS CORREDURIA DE\nSEGUROS, SL <\/span><span style=\"font-size:12.0pt;mso-ansi-language:CA\">(en\nadelante, \u201cCALZADO ARIET\u201d)<\/span><span lang=\"ES\" style=\"font-size:12.0pt\">, La\nMutualitat de Previsi\u00f3 Social del Col\u2022legi Oficial d\u2019Enginyers Industrials de\nCatalunya a Prima Fixa (La M\u00fatua dels Enginyers) ostenta una participaci\u00f3n\nmayoritaria en el capital social de \u201cCalzado Ariet\u201d<\/span><span style=\"font-size:12.0pt;mso-ansi-language:CA\">.<o:p><\/o:p><\/span><\/p><p style=\"text-align:justify\"><b><span style=\"font-size:12.0pt;mso-ansi-language:CA\">Asesoramiento<o:p><\/o:p><\/span><\/b><\/p><p style=\"text-align:justify\"><span style=\"font-size:12.0pt;\nmso-ansi-language:CA\">\u201cCalzado Ariet\u201d le proporcionar\u00e1 un asesoramiento\nprofesional objetivo sobre el tipo de contrato de seguro que se ajuste a sus\nnecesidades. La mediaci\u00f3n de sus p\u00f3lizas se realizar\u00e1 tomando como base las\ninformaciones y datos que nos ofrece sobre el riesgo y las coberturas que\nfinalmente resulten de su inter\u00e9s. Le recordamos la importancia de que revise\nlos datos del riesgo, las coberturas y las declaraciones contenidas en el\ncondicionado particular de la p\u00f3liza y que, si observa cualquier error o\ndivergencia con respecto a los t\u00e9rminos acordados y\/o a su petici\u00f3n, nos lo\ncomunique de inmediato. Dispone de un plazo de 30 d\u00edas desde la entrega de la\np\u00f3liza para solicitar cualquier subsanaci\u00f3n. Una vez transcurrido dicho plazo,\nse estar\u00e1 al contenido de la p\u00f3liza en todos esos aspectos.<o:p><\/o:p><\/span><\/p><p style=\"margin-bottom:2.0pt;text-align:justify\"><span style=\"font-size:12.0pt;mso-ansi-language:CA\">Mientras el cliente no revoque\neste encargo, \u00e9ste autoriza al corredor a trasladar en su nombre las comunicaciones\nque le haga llegar, inclusive las de contratar, modificar o rescindir una\np\u00f3liza; en estos \u00faltimos casos, el cliente deber\u00e1 comunicarlo previamente y de\nforma expresa al corredor..<o:p><\/o:p><\/span><\/p><p style=\"text-align:justify\"><b><span style=\"font-size:12.0pt;mso-ansi-language:CA\">Atenci\u00f3n y defensa\ndel cliente<o:p><\/o:p><\/span><\/b><\/p><p style=\"margin-bottom:2.0pt;text-align:justify\"><span style=\"font-size:12.0pt;mso-ansi-language:CA\">Le informamos que si desea\nformular cualquier queja o reclamaci\u00f3n relativa a nuestra intervenci\u00f3n\nmediadora, puede dirigirse, en primera instancia, al Servicio de Atenci\u00f3n al\nMutualista de La Mutua de los Ingenieros (sam@mutua-enginyers.com), que dispone\nde un plazo de dos meses para resolverla, y, posteriormente, al Defensor del\nMutualista (defensor@ mutua-enginyers.com). La presentaci\u00f3n de las quejas y\nreclamaciones ante el Servicio de Atenci\u00f3n al Mutualista es un requisito\nnecesario antes de someterlas al Defensor del Mutualista. El domicilio de ambos\n\u00f3rganos es Via Laietana, 39, 2.\u00ba, 08003, Barcelona, tel. 900.898.990. En la web\nmutua-enginyers.com encontrar\u00e1 m\u00e1s informaci\u00f3n al respecto, as\u00ed como los\nreglamentos de funcionamiento<\/span><span lang=\"ES\" style=\"font-size:12.0pt\">. <\/span><span style=\"font-size:12.0pt;mso-ansi-language:CA\"><o:p><\/o:p><\/span><\/p><p><b><span lang=\"ES\" style=\"font-size:12.0pt;mso-fareast-font-family:Calibri;mso-fareast-language:\nEN-US\">Informaci\u00f3n b\u00e1sica sobre protecci\u00f3n de datos<\/span><\/b><span lang=\"ES\" style=\"font-size:12.0pt;mso-fareast-font-family:Calibri;mso-fareast-language:\nEN-US\"><o:p><\/o:p><\/span><\/p><p style=\"text-align:justify\"><span lang=\"ES\" style=\"font-size:\n12.0pt;mso-fareast-font-family:Calibri;mso-fareast-language:EN-US\">Sabemos que\nsu privacidad es importante y por ello nos tomamos muy en serio nuestra tarea\nde garantizar la confidencialidad de sus datos en cumplimiento con la normativa\nvigente. Por favor, lea detenidamente la siguiente informaci\u00f3n.<\/span><span lang=\"ES\" style=\"font-size:12.0pt;mso-fareast-font-family:&quot;Times New Roman&quot;\"><o:p><\/o:p><\/span><\/p><p><span lang=\"ES\" style=\"font-size:12.0pt\">El <b>Responsable del tratamiento<\/b> es CALZADO\nARIET Y ASOCIADOS CORREDURIA DE SEGUROS, SL, <\/span><span lang=\"ES\" style=\"font-size:12.0pt;mso-fareast-font-family:Calibri;mso-fareast-language:\nEN-US\">CIF: B58962192.<\/span><span lang=\"ES\" style=\"font-size:12.0pt\"> (\u201cCalzado\nAriet\u201d).<o:p><\/o:p><\/span><\/p><p style=\"text-align:justify\"><span lang=\"ES\" style=\"font-size:\n12.0pt;mso-fareast-font-family:Calibri;mso-fareast-language:EN-US\">La <b>finalidad del tratamiento<\/b> es permitir\nla tramitaci\u00f3n, contrataci\u00f3n y renovaci\u00f3n de los productos, la prestaci\u00f3n de\nlos servicios contratados y eventuales acciones comerciales.<\/span><span lang=\"ES\" style=\"font-size:12.0pt\"><o:p><\/o:p><\/span><\/p><p style=\"text-align:justify\"><span lang=\"ES\" style=\"font-size:\n12.0pt;mso-fareast-font-family:Calibri;mso-fareast-language:EN-US\">La <b>legitimaci\u00f3n<\/b> para tratar los datos se\nbasa en el cumplimiento de nuestras obligaciones contractuales y legales,\nnuestro inter\u00e9s leg\u00edtimo y el consentimiento del interesado.<o:p><\/o:p><\/span><\/p><p style=\"text-align:justify\"><span lang=\"ES\" style=\"font-size:\n12.0pt;mso-fareast-font-family:Calibri;mso-fareast-language:EN-US\">Los <b>destinatarios<\/b> de los datos son empresas\ndel grupo y otros destinatarios necesarios para poder dar cumplimiento a\nnuestras obligaciones contractuales y legales. No se contempla la transferencia\nde datos fuera del Espacio Econ\u00f3mico Europeo (EEE), excepto en el caso de&nbsp; tarificar o contratar con compa\u00f1\u00edas\naseguradoras con filiales fuera del EEE.<\/span><span lang=\"ES\" style=\"font-size:\n12.0pt;mso-fareast-font-family:&quot;Times New Roman&quot;\"><o:p><\/o:p><\/span><\/p><p><span lang=\"ES\" style=\"font-size:12.0pt;mso-fareast-font-family:\nCalibri;mso-fareast-language:EN-US\">Usted tiene <b>derecho<\/b> a acceder, rectificar y suprimir los datos, as\u00ed como otros\nderechos que se explican en m\u00e1s detalle en la informaci\u00f3n adicional. Puede\nconsultar la <b>informaci\u00f3n adicional<\/b>\nen nuestra p\u00e1gina web https:\/\/www.mutua-enginyers.com\/rgpd\/politica_de_privacidad_calzado_ariet\n&nbsp;o pedir una copia en papel en cualquiera de nuestras oficinas.<\/span><span lang=\"ES\" style=\"font-size:12.0pt\"><o:p><\/o:p><\/span><\/p><p style=\"text-align:justify\"><span lang=\"ES\" style=\"font-size:\n12.0pt;mso-fareast-font-family:Calibri;mso-fareast-language:EN-US\">Cuando los\nproductos y servicios contratados requieran informaci\u00f3n sobre su salud, usted\nda su consentimiento para que estos datos sean tratados para la gesti\u00f3n del\nproducto contratado y hace constar que la informaci\u00f3n que ha proporcionado es\nexacta y ver\u00eddica. En caso de que no proporcione estos datos es posible que\nCalzado Ariet no pueda atender su solicitud.<\/span><span lang=\"ES\" style=\"font-size:12.0pt\"><o:p><\/o:p><\/span><\/p><p style=\"text-align:justify\"><span lang=\"ES\" style=\"font-size:\n12.0pt\">Adicionalmente, en su condici\u00f3n de contratante, asume la obligaci\u00f3n de\ninformar a los asegurados y\/o beneficiarios que designe del hecho de que sus\ndatos personales ser\u00e1n tratados por Calzado Ariet para las estrictas\nfinalidades del producto contratado y hace constar que la edad de estos beneficiarios\nes superior a los 16 a\u00f1os y\/o que, en caso de ser inferior, cuenta con el\nconsentimiento de sus padres o tutores para que sus datos sean tratados.<o:p><\/o:p><\/span><\/p><p>\n\n\n\n\n\n\n\n\n\n\n\n\n\n\n\n\n\n\n\n\n\n\n\n\n\n\n\n\n\n\n\n<\/p><p><span lang=\"ES\" style=\"font-size:12.0pt\">En cualquier caso, se\ncompromete a comunicarnos cualquier cambio que los datos que proporciona experimenten\nen el futuro, con la finalidad de mantener su exactitud.<o:p><\/o:p><\/span><\/p>\n<p><\/p>\t\t\t\t\t\t\t\t<\/div>\n\t\t\t\t<\/div>\n\t\t\t\t\t<\/div>\n\t\t<\/div>\n\t\t\t\t\t<\/div>\n\t\t<\/section>\n\t\t\t\t<\/div>\n\t\t","protected":false},"excerpt":{"rendered":"<p>Aviso Legal y Pol\u00edtica de Cookies Datos de la corredur\u00eda CALZADO ARIET Y ASOCIADOS CORREDURIA DE SEGUROS, SL (en adelante, \u201cCALZADO ARIET\u201d), La Mutualitat de Previsi\u00f3 Social del Col\u2022legi Oficial d\u2019Enginyers Industrials de Catalunya a Prima Fixa (La M\u00fatua dels Enginyers) ostenta una participaci\u00f3n mayoritaria en el capital social de \u201cCalzado Ariet\u201d. Asesoramiento \u201cCalzado Ariet\u201d &hellip; <\/p>\n<p class=\"link-more\"><a href=\"https:\/\/landing.mutua-ingenieros.com\/index.php\/avisolegal-calzado\/\" class=\"more-link\">Continue reading<span class=\"screen-reader-text\"> &#8220;Aviso legal Calzado&#8221;<\/span><\/a><\/p>\n","protected":false},"author":6,"featured_media":0,"parent":0,"menu_order":0,"comment_status":"closed","ping_status":"closed","template":"elementor_canvas","meta":{"_monsterinsights_skip_tracking":false,"_monsterinsights_sitenote_active":false,"_monsterinsights_sitenote_note":"","_monsterinsights_sitenote_category":0,"_joinchat":[],"footnotes":""},"class_list":["post-3540","page","type-page","status-publish","hentry"],"_links":{"self":[{"href":"https:\/\/landing.mutua-ingenieros.com\/index.php\/wp-json\/wp\/v2\/pages\/3540","targetHints":{"allow":["GET"]}}],"collection":[{"href":"https:\/\/landing.mutua-ingenieros.com\/index.php\/wp-json\/wp\/v2\/pages"}],"about":[{"href":"https:\/\/landing.mutua-ingenieros.com\/index.php\/wp-json\/wp\/v2\/types\/page"}],"author":[{"embeddable":true,"href":"https:\/\/landing.mutua-ingenieros.com\/index.php\/wp-json\/wp\/v2\/users\/6"}],"replies":[{"embeddable":true,"href":"https:\/\/landing.mutua-ingenieros.com\/index.php\/wp-json\/wp\/v2\/comments?post=3540"}],"version-history":[{"count":11,"href":"https:\/\/landing.mutua-ingenieros.com\/index.php\/wp-json\/wp\/v2\/pages\/3540\/revisions"}],"predecessor-version":[{"id":4171,"href":"https:\/\/landing.mutua-ingenieros.com\/index.php\/wp-json\/wp\/v2\/pages\/3540\/revisions\/4171"}],"wp:attachment":[{"href":"https:\/\/landing.mutua-ingenieros.com\/index.php\/wp-json\/wp\/v2\/media?parent=3540"}],"curies":[{"name":"wp","href":"https:\/\/api.w.org\/{rel}","templated":true}]}}