{"id":3590,"date":"2022-10-05T09:12:50","date_gmt":"2022-10-05T07:12:50","guid":{"rendered":"https:\/\/landing.mutua-ingenieros.com\/?page_id=3590"},"modified":"2022-10-05T09:33:03","modified_gmt":"2022-10-05T07:33:03","slug":"bases-promo-ata","status":"publish","type":"page","link":"https:\/\/landing.mutua-ingenieros.com\/index.php\/bases-promo-ata\/","title":{"rendered":"015-Bases Promo ATA"},"content":{"rendered":"\t\t<div data-elementor-type=\"wp-page\" data-elementor-id=\"3590\" class=\"elementor elementor-3590\" data-elementor-post-type=\"page\">\n\t\t\t\t\t\t<section class=\"elementor-section elementor-top-section elementor-element elementor-element-fb42739 elementor-section-boxed elementor-section-height-default elementor-section-height-default\" data-id=\"fb42739\" data-element_type=\"section\" data-e-type=\"section\">\n\t\t\t\t\t\t<div class=\"elementor-container elementor-column-gap-default\">\n\t\t\t\t\t<div class=\"elementor-column elementor-col-25 elementor-top-column elementor-element elementor-element-a447b30\" data-id=\"a447b30\" data-element_type=\"column\" data-e-type=\"column\">\n\t\t\t<div class=\"elementor-widget-wrap elementor-element-populated\">\n\t\t\t\t\t\t<div class=\"elementor-element elementor-element-b428b98 elementor-widget elementor-widget-image\" data-id=\"b428b98\" data-element_type=\"widget\" data-e-type=\"widget\" data-widget_type=\"image.default\">\n\t\t\t\t<div class=\"elementor-widget-container\">\n\t\t\t\t\t\t\t\t\t\t\t\t\t\t\t<img fetchpriority=\"high\" decoding=\"async\" width=\"525\" height=\"143\" src=\"https:\/\/landing.mutua-ingenieros.com\/wp-content\/uploads\/2022\/09\/5_logo-socialcorp-1024x279.png\" class=\"attachment-large size-large wp-image-3097\" alt=\"\" srcset=\"https:\/\/landing.mutua-ingenieros.com\/wp-content\/uploads\/2022\/09\/5_logo-socialcorp-1024x279.png 1024w, https:\/\/landing.mutua-ingenieros.com\/wp-content\/uploads\/2022\/09\/5_logo-socialcorp-300x82.png 300w, https:\/\/landing.mutua-ingenieros.com\/wp-content\/uploads\/2022\/09\/5_logo-socialcorp-768x209.png 768w, https:\/\/landing.mutua-ingenieros.com\/wp-content\/uploads\/2022\/09\/5_logo-socialcorp.png 1203w\" sizes=\"100vw\" \/>\t\t\t\t\t\t\t\t\t\t\t\t\t\t\t<\/div>\n\t\t\t\t<\/div>\n\t\t\t\t\t<\/div>\n\t\t<\/div>\n\t\t\t\t<div class=\"elementor-column elementor-col-25 elementor-top-column elementor-element elementor-element-403d9eb\" data-id=\"403d9eb\" data-element_type=\"column\" data-e-type=\"column\">\n\t\t\t<div class=\"elementor-widget-wrap\">\n\t\t\t\t\t\t\t<\/div>\n\t\t<\/div>\n\t\t\t\t<div class=\"elementor-column elementor-col-25 elementor-top-column elementor-element elementor-element-c9b70a3\" data-id=\"c9b70a3\" data-element_type=\"column\" data-e-type=\"column\">\n\t\t\t<div class=\"elementor-widget-wrap\">\n\t\t\t\t\t\t\t<\/div>\n\t\t<\/div>\n\t\t\t\t<div class=\"elementor-column elementor-col-25 elementor-top-column elementor-element elementor-element-437d5b9\" data-id=\"437d5b9\" data-element_type=\"column\" data-e-type=\"column\">\n\t\t\t<div class=\"elementor-widget-wrap\">\n\t\t\t\t\t\t\t<\/div>\n\t\t<\/div>\n\t\t\t\t\t<\/div>\n\t\t<\/section>\n\t\t\t\t<section class=\"elementor-section elementor-top-section elementor-element elementor-element-05b4a22 elementor-section-boxed elementor-section-height-default elementor-section-height-default\" data-id=\"05b4a22\" data-element_type=\"section\" data-e-type=\"section\">\n\t\t\t\t\t\t<div class=\"elementor-container elementor-column-gap-default\">\n\t\t\t\t\t<div class=\"elementor-column elementor-col-100 elementor-top-column elementor-element elementor-element-c4d15c9\" data-id=\"c4d15c9\" data-element_type=\"column\" data-e-type=\"column\">\n\t\t\t<div class=\"elementor-widget-wrap elementor-element-populated\">\n\t\t\t\t\t\t<div class=\"elementor-element elementor-element-30c7fd9 elementor-widget elementor-widget-text-editor\" data-id=\"30c7fd9\" data-element_type=\"widget\" data-e-type=\"widget\" data-widget_type=\"text-editor.default\">\n\t\t\t\t<div class=\"elementor-widget-container\">\n\t\t\t\t\t\t\t\t\t<p><strong>1. Empresa Organizadora<\/strong><br \/>La empresa organizadora de la acci\u00f3n \u201cREGALO EXPERIENCIA\u201d (de ahora en adelante, \u201cla Acci\u00f3n\u201d), que se regula mediante las presentes bases (de ahora en adelante, \u201cBases\u201d), es LA MUTUALITAT DELS ENGINYERS MPS, con domicilio en V\u00cdA LAYETANA 39, 2\u00aa planta, 08003 Barcelona (de ahora en adelante, LA MUTUA (SocialCorp)).<\/p><p><strong>2. Periodo de la Acci\u00f3n y \u00e1mbito territorial<\/strong><br \/>La vigencia de la Acci\u00f3n \u201cREGALO EXPERIENCIA\u201d y, por lo tanto, de su beneficio por parte de los participantes, ser\u00e1 desde el 27 de septiembre de 2022 al 30 de septiembre de 2023. LA MUTUA (SocialCorp) se reserva el derecho a modificar o cancelar, sin necesidad de justificaci\u00f3n y en cualquier momento, las presentes Bases y la Acci\u00f3n.<br \/>La Acci\u00f3n ser\u00e1 v\u00e1lida para participantes residentes en el territorio espa\u00f1ol.<\/p><p><strong>3. Objeto<\/strong><br \/>Esta Acci\u00f3n permitir\u00e1 a los participantes que cumplan los requisitos beneficiarse de un obsequio en forma de CAJA SMARTBOX DESEOS (de ahora en adelante, \u201cBeneficio\u201d) valorado en 120 euros.<\/p><p><strong>4. Requisitos para tener derecho al Beneficio<\/strong><br \/>\u2022 Ser persona f\u00edsica mayor de edad con capacidad para contratar seguros de riesgo a trav\u00e9s de LA MUTUA (SocialCorp).<br \/>\u2022 El participante debe contratar durante el periodo de la Acci\u00f3n, como m\u00ednimo dos prestaciones de riesgo de LA MUTUA (SocialCorp) que supongan, entre las prestaciones suscritas, una prima total anual que sume como m\u00ednimo 300 euros.<br \/>\u2022 La persona asegurada de las prestaciones contratadas puede ser la misma persona contratante u otra persona.<br \/>\u2022 Suscribir la pertinente solicitud de inscripci\u00f3n\/alta, recibiendo de LA MUTUA (SocialCorp) toda la informaci\u00f3n previa relativa a las coberturas interesadas, de acuerdo con la normativa de aplicaci\u00f3n.<br \/>\u2022 La persona asegurada de las prestaciones o ampliaciones debe responder y\/o completar el\/los cuestionario\/s que le presente LA MUTUA (SocialCorp) con la finalidad de detectar los aspectos relevantes relativos al riesgo que se quiere asegurar.<br \/>\u2022 La persona asegurada debe someterse a los reconocimientos m\u00e9dicos o cualquier otra medida o requerimiento de selecci\u00f3n\/evaluaci\u00f3n de riesgos que LA MUTUA (SocialCorp) estime conveniente realizar.<br \/>\u2022 Autorizaci\u00f3n por escrito de la persona asegurada cuando \u00e9sta no coincida con la persona suscriptora.<\/p><p><strong>5. Prestaciones aseguradoras incluidas en la Acci\u00f3n<\/strong><br \/>Las prestaciones aseguradoras de LA MUTUA (SocialCorp) susceptibles de contratar seg\u00fan el punto anterior, son las siguientes:<br \/>\u2013 Baja Laboral.<br \/>\u2013 Renta de Invalidez.<br \/>\u2013 Hospitalizaci\u00f3n.<br \/>\u2013 Gran Dependencia.<br \/>\u2013 Dependencia Severa.<\/p><p><strong>6. Persona beneficiaria de la Acci\u00f3n<\/strong><br \/>La persona beneficiaria de la Acci\u00f3n es la persona contratante\/tomadora de las prestaciones aseguradoras indicadas en el punto 5, que cumpla los requisitos indicados en el punto 4.<\/p><p><strong>7. Acceso al Beneficio<\/strong><br \/>La entrega del Beneficio se realizar\u00e1 una sola vez, en ning\u00fan caso en futuras renovaciones de las prestaciones contratadas y\/o ampliadas. Con independencia del n\u00famero total de prestaciones contratadas y\/o ampliadas, y del exceso de la prima total anual por encima de los 300 euros requeridos, \u00fanicamente se tendr\u00e1 derecho a una CAJA SMARTBOX DESEOS por persona en el caso de cumplir con los requisitos exigidos.<br \/>El env\u00edo del Beneficio, el SMARTBOX DESEOS, al beneficiario se realizar\u00e1 a partir de los 60 d\u00edas del cargo bancario correspondiente al recibo domiciliado que incluya la prima de las prestaciones contratadas objeto de la Acci\u00f3n.<br \/>La CAJA SMARTBOX DESEOS estar\u00e1 sujeto a los t\u00e9rminos y condiciones de uso de SMARTBOX. <span style=\"text-decoration: underline;\"><a href=\"https:\/\/www.smartbox.com\/es\/condiciones-generales-de-venta\/#tc-article-7\">https:\/\/www.smartbox.com\/es\/condiciones-generales-de-venta\/#tc-article-7<\/a><\/span><\/p><p><strong>8. Exclusiones<\/strong><br \/>Quedan excluidas de la promoci\u00f3n aquellas contrataciones de prestaciones derivadas del reemplazo total o parcial de otras prestaciones que la persona contratante tenga en vigor, as\u00ed como los cambios de contratantes en prestaciones que mantienen a la misma persona asegurada.<\/p><p><strong>9. Aceptaci\u00f3n de las Bases<\/strong><br \/>Por el simple hecho de participar en la presente Acci\u00f3n, se aceptan las Bases y el criterio de LA MUTUA (SocialCorp) respecto a la resoluci\u00f3n de cualquier cuesti\u00f3n no contemplada en las mismas.<\/p><p><strong>10. Publicidad de las Bases<\/strong><br \/>Las presentes Bases de la Acci\u00f3n REGALO EXPERIENCIA se encuentran a disposici\u00f3n del p\u00fablico en la p\u00e1gina web: <span style=\"text-decoration: underline;\"><a href=\"https:\/\/landing.mutua-ingenieros.com\/index.php\/bases-promo-ata\/\">https:\/\/landing.mutua-ingenieros.com\/index.php\/bases-promo-ata\/.<\/a><\/span><\/p><p><strong>11. Protecci\u00f3n de Datos<\/strong><br \/>Para posibilitar el env\u00edo del obsequio CAJA SMARTBOX DESEOS, los beneficiarios de los mismos consienten expresamente que LA MUTUA (SocialCorp) comunique sus datos personales a SMARTBOX, entendi\u00e9ndose que, de no mediar este consentimiento expreso, renuncian al obsequio. El disfrute de la CAJA SMARTBOX DESEOS est\u00e1 sujeto a las condiciones fijadas por SMARTBOX, y el tratamiento de los datos personales por parte de SMARTBOX se rigen por su pol\u00edtica de privacidad, que puede consultarse aqu\u00ed: <span style=\"text-decoration: underline;\"><a href=\"https:\/\/www.smartbox.com\/es\/proteccion-de-datos\/.\">https:\/\/www.smartbox.com\/es\/proteccion-de-datos\/.<\/a><\/span><\/p><p><strong>12. Tratamiento fiscal<\/strong><br \/>El obsequio entregado indicado en estas bases est\u00e1 sujeto a tributaci\u00f3n, y corresponde a la persona perceptora su declaraci\u00f3n a la Administraci\u00f3n tributaria competente.<\/p>\t\t\t\t\t\t\t\t<\/div>\n\t\t\t\t<\/div>\n\t\t\t\t\t<\/div>\n\t\t<\/div>\n\t\t\t\t\t<\/div>\n\t\t<\/section>\n\t\t\t\t<section class=\"elementor-section elementor-top-section elementor-element elementor-element-cde94b6 elementor-section-height-min-height elementor-section-content-middle elementor-section-boxed elementor-section-height-default elementor-section-items-middle\" data-id=\"cde94b6\" data-element_type=\"section\" data-e-type=\"section\" data-settings=\"{&quot;background_background&quot;:&quot;classic&quot;}\">\n\t\t\t\t\t\t<div class=\"elementor-container elementor-column-gap-default\">\n\t\t\t\t\t<div class=\"elementor-column elementor-col-100 elementor-top-column elementor-element elementor-element-4150ecc\" data-id=\"4150ecc\" data-element_type=\"column\" data-e-type=\"column\">\n\t\t\t<div class=\"elementor-widget-wrap elementor-element-populated\">\n\t\t\t\t\t\t<div class=\"elementor-element elementor-element-dac300a elementor-widget elementor-widget-text-editor\" data-id=\"dac300a\" data-element_type=\"widget\" data-e-type=\"widget\" data-widget_type=\"text-editor.default\">\n\t\t\t\t<div class=\"elementor-widget-container\">\n\t\t\t\t\t\t\t\t\t<p><span style=\"color: #ffffff;\">SocialCorp &#8211; V\u00eda Layetana, 39 2\u00ba piso &#8211; <\/span><span style=\"color: #ffffff;\">Tel\u00e9fono: 93 295 43 00 WhatsApp:\u00a0<\/span><span style=\"color: #ffffff;\">602 00 25 68<\/span><span style=\"font-family: var( --e-global-typography-text-font-family ), Sans-serif; font-weight: var( --e-global-typography-text-font-weight ); color: #ffffff;\">.\u00a0 <\/span><a style=\"font-family: var( --e-global-typography-text-font-family ), Sans-serif; font-weight: var( --e-global-typography-text-font-weight ); background-color: rgba(45, 45, 45, 0.47); color: #ffffff;\" href=\"http:\/\/landing.mutua-ingenieros.com\/index.php\/aviso-legal\/\">Aviso legal.<\/a><\/p>\t\t\t\t\t\t\t\t<\/div>\n\t\t\t\t<\/div>\n\t\t\t\t\t<\/div>\n\t\t<\/div>\n\t\t\t\t\t<\/div>\n\t\t<\/section>\n\t\t\t\t<\/div>\n\t\t","protected":false},"excerpt":{"rendered":"<p>1. Empresa OrganizadoraLa empresa organizadora de la acci\u00f3n \u201cREGALO EXPERIENCIA\u201d (de ahora en adelante, \u201cla Acci\u00f3n\u201d), que se regula mediante las presentes bases (de ahora en adelante, \u201cBases\u201d), es LA MUTUALITAT DELS ENGINYERS MPS, con domicilio en V\u00cdA LAYETANA 39, 2\u00aa planta, 08003 Barcelona (de ahora en adelante, LA MUTUA (SocialCorp)). 2. Periodo de la &hellip; <\/p>\n<p class=\"link-more\"><a href=\"https:\/\/landing.mutua-ingenieros.com\/index.php\/bases-promo-ata\/\" class=\"more-link\">Continue reading<span class=\"screen-reader-text\"> &#8220;015-Bases Promo ATA&#8221;<\/span><\/a><\/p>\n","protected":false},"author":5,"featured_media":0,"parent":0,"menu_order":0,"comment_status":"closed","ping_status":"closed","template":"elementor_canvas","meta":{"_monsterinsights_skip_tracking":false,"_monsterinsights_sitenote_active":false,"_monsterinsights_sitenote_note":"","_monsterinsights_sitenote_category":0,"_joinchat":[],"footnotes":""},"class_list":["post-3590","page","type-page","status-publish","hentry"],"_links":{"self":[{"href":"https:\/\/landing.mutua-ingenieros.com\/index.php\/wp-json\/wp\/v2\/pages\/3590","targetHints":{"allow":["GET"]}}],"collection":[{"href":"https:\/\/landing.mutua-ingenieros.com\/index.php\/wp-json\/wp\/v2\/pages"}],"about":[{"href":"https:\/\/landing.mutua-ingenieros.com\/index.php\/wp-json\/wp\/v2\/types\/page"}],"author":[{"embeddable":true,"href":"https:\/\/landing.mutua-ingenieros.com\/index.php\/wp-json\/wp\/v2\/users\/5"}],"replies":[{"embeddable":true,"href":"https:\/\/landing.mutua-ingenieros.com\/index.php\/wp-json\/wp\/v2\/comments?post=3590"}],"version-history":[{"count":13,"href":"https:\/\/landing.mutua-ingenieros.com\/index.php\/wp-json\/wp\/v2\/pages\/3590\/revisions"}],"predecessor-version":[{"id":3605,"href":"https:\/\/landing.mutua-ingenieros.com\/index.php\/wp-json\/wp\/v2\/pages\/3590\/revisions\/3605"}],"wp:attachment":[{"href":"https:\/\/landing.mutua-ingenieros.com\/index.php\/wp-json\/wp\/v2\/media?parent=3590"}],"curies":[{"name":"wp","href":"https:\/\/api.w.org\/{rel}","templated":true}]}}