{"id":4785,"date":"2023-02-27T12:46:22","date_gmt":"2023-02-27T10:46:22","guid":{"rendered":"https:\/\/landing.mutua-ingenieros.com\/?page_id=4785"},"modified":"2023-02-27T12:51:15","modified_gmt":"2023-02-27T10:51:15","slug":"bases-promocion-ebn-plus","status":"publish","type":"page","link":"https:\/\/landing.mutua-ingenieros.com\/index.php\/bases-promocion-ebn-plus\/","title":{"rendered":"020- Bases promoci\u00f3n EBN PLUS"},"content":{"rendered":"\t\t<div data-elementor-type=\"wp-page\" data-elementor-id=\"4785\" class=\"elementor elementor-4785\" data-elementor-post-type=\"page\">\n\t\t\t\t\t\t<section class=\"elementor-section elementor-top-section elementor-element elementor-element-1107414 elementor-section-boxed elementor-section-height-default elementor-section-height-default\" data-id=\"1107414\" data-element_type=\"section\" data-e-type=\"section\">\n\t\t\t\t\t\t<div class=\"elementor-container elementor-column-gap-default\">\n\t\t\t\t\t<div class=\"elementor-column elementor-col-100 elementor-top-column elementor-element elementor-element-c71f0a0\" data-id=\"c71f0a0\" data-element_type=\"column\" data-e-type=\"column\">\n\t\t\t<div class=\"elementor-widget-wrap elementor-element-populated\">\n\t\t\t\t\t\t<div class=\"elementor-element elementor-element-31a695c elementor-widget elementor-widget-image\" data-id=\"31a695c\" data-element_type=\"widget\" data-e-type=\"widget\" data-widget_type=\"image.default\">\n\t\t\t\t<div class=\"elementor-widget-container\">\n\t\t\t\t\t\t\t\t\t\t\t\t\t\t\t<img decoding=\"async\" width=\"300\" height=\"147\" src=\"https:\/\/landing.mutua-ingenieros.com\/wp-content\/uploads\/2022\/04\/mutua-cast-PNG-300x147.png\" class=\"attachment-medium size-medium wp-image-1313\" alt=\"\" srcset=\"https:\/\/landing.mutua-ingenieros.com\/wp-content\/uploads\/2022\/04\/mutua-cast-PNG-300x147.png 300w, https:\/\/landing.mutua-ingenieros.com\/wp-content\/uploads\/2022\/04\/mutua-cast-PNG-768x377.png 768w, https:\/\/landing.mutua-ingenieros.com\/wp-content\/uploads\/2022\/04\/mutua-cast-PNG.png 1008w\" sizes=\"100vw\" \/>\t\t\t\t\t\t\t\t\t\t\t\t\t\t\t<\/div>\n\t\t\t\t<\/div>\n\t\t\t\t\t<\/div>\n\t\t<\/div>\n\t\t\t\t\t<\/div>\n\t\t<\/section>\n\t\t\t\t<section class=\"elementor-section elementor-top-section elementor-element elementor-element-6616a6b elementor-section-height-min-height elementor-section-boxed elementor-section-height-default elementor-section-items-middle\" data-id=\"6616a6b\" data-element_type=\"section\" data-e-type=\"section\" data-settings=\"{&quot;background_background&quot;:&quot;classic&quot;}\">\n\t\t\t\t\t\t<div class=\"elementor-container elementor-column-gap-default\">\n\t\t\t\t\t<div class=\"elementor-column elementor-col-100 elementor-top-column elementor-element elementor-element-371dbeb\" data-id=\"371dbeb\" data-element_type=\"column\" data-e-type=\"column\">\n\t\t\t<div class=\"elementor-widget-wrap elementor-element-populated\">\n\t\t\t\t\t\t<div class=\"elementor-element elementor-element-0703e6a elementor-widget elementor-widget-heading\" data-id=\"0703e6a\" data-element_type=\"widget\" data-e-type=\"widget\" data-widget_type=\"heading.default\">\n\t\t\t\t<div class=\"elementor-widget-container\">\n\t\t\t\t\t<h1 class=\"elementor-heading-title elementor-size-default\">Bases de la promoci\u00f3n<\/h1>\t\t\t\t<\/div>\n\t\t\t\t<\/div>\n\t\t\t\t\t<\/div>\n\t\t<\/div>\n\t\t\t\t\t<\/div>\n\t\t<\/section>\n\t\t\t\t<section class=\"elementor-section elementor-top-section elementor-element elementor-element-83cf175 elementor-section-boxed elementor-section-height-default elementor-section-height-default\" data-id=\"83cf175\" data-element_type=\"section\" data-e-type=\"section\">\n\t\t\t\t\t\t<div class=\"elementor-container elementor-column-gap-default\">\n\t\t\t\t\t<div class=\"elementor-column elementor-col-100 elementor-top-column elementor-element elementor-element-24e9031\" data-id=\"24e9031\" data-element_type=\"column\" data-e-type=\"column\">\n\t\t\t<div class=\"elementor-widget-wrap elementor-element-populated\">\n\t\t\t\t\t\t<div class=\"elementor-element elementor-element-3d77773 elementor-widget elementor-widget-text-editor\" data-id=\"3d77773\" data-element_type=\"widget\" data-e-type=\"widget\" data-widget_type=\"text-editor.default\">\n\t\t\t\t<div class=\"elementor-widget-container\">\n\t\t\t\t\t\t\t\t\t<p><strong>1. Empresa Organizadora<\/strong><\/p><p>La empresa organizadora de la acci\u00f3n \u201cAhorro a Plazo PLUS\u201d (de ahora en adelante, \u201cla Acci\u00f3n\u201d), que se regula mediante las presentes bases (de ahora en adelante, \u201cBases\u201d), es LA MUTUALIDAD DE LOS INGENIEROS MPS, con domicilio en V\u00cdA LAYETANA 39, 2\u00aa planta, 08003 Barcelona (de ahora en adelante, LA MUTUA).<\/p><p><strong>2. Periodo de la Acci\u00f3n y \u00e1mbito territorial<\/strong><\/p><p>La vigencia de la Acci\u00f3n \u201cAhorro a Plazo PLUS\u201d y, por lo tanto, de su beneficio por parte de los participantes, coincidir\u00e1 con los periodos de comercializaci\u00f3n y posterior vigencia de las modalidades \u201cAhorro a Plazo\u201d del Plan de Ahorro Multinversi\u00f3n que incluyan esta promoci\u00f3n. LA MUTUA decidir\u00e1 en cada emisi\u00f3n de modalidades \u201cAhorro a Plazo\u201d si se aplica esta promoci\u00f3n.<\/p><p>La Acci\u00f3n ser\u00e1 v\u00e1lida para participantes residentes en el territorio espa\u00f1ol.<\/p><p><strong>3. Beneficio<\/strong><\/p><p>Esta Acci\u00f3n permitir\u00e1 a los participantes suscriptores de las modalidades \u201cAhorro a Plazo\u201d del Plan de Ahorro Multinversi\u00f3n que cumplan los requisitos, beneficiarse de un tipo de inter\u00e9s anual PLUS (limpio de comisi\u00f3n de gesti\u00f3n) superior al tipo de inter\u00e9s anual (limpio de comisi\u00f3n de gesti\u00f3n) ofrecido al resto de suscriptores. En cada emisi\u00f3n de modalidades a \u201cAhorro a Plazo\u201d con derecho a promoci\u00f3n se especificar\u00e1 cu\u00e1l es el tipo de inter\u00e9s anual (limpio de comisi\u00f3n de gesti\u00f3n) al que tendr\u00e1n derecho los beneficiarios de la promoci\u00f3n.<\/p><p>El importe m\u00e1ximo que se puede aportar a las modalidades \u201cAhorro a Plazo PLUS\u201d es de 200.000 \u20ac por unidad familiar (c\u00f3nyuge y familiares de 1\u00ba grado), como suma de todas las aportaciones realizadas por los miembros de la unidad familiar en todas las p\u00f3lizas de las que sean tomadores. \u00a0<\/p><p><strong>4. Requisitos para tener derecho al Beneficio<\/strong><\/p><ul><li>Solicitar la suscripci\u00f3n de un seguro personal de La Mutua de los Ingenieros y\/o un seguro a trav\u00e9s de la corredur\u00eda del Grupo La Mutua o solicitar una ampliaci\u00f3n de coberturas de uno o distintos seguros que ya tengan suscritos. Tambi\u00e9n se admitir\u00e1 una combinaci\u00f3n de suscripciones de nuevas p\u00f3lizas con ampliaciones de coberturas de p\u00f3lizas ya suscritas.<\/li><li>La suma de las primas totales de los nuevos seguros debe ser de como m\u00ednimo 200 \u20ac anuales o la suma de las ampliaciones de seguros ya suscritos deben suponer una prima adicional de 200 \u20ac anuales como m\u00ednimo. En el caso de combinar la solicitud de suscripci\u00f3n de nuevas p\u00f3lizas con la solicitud de ampliaciones en seguros ya suscritos, la suma total de las nuevas primas debe ser de como m\u00ednimo 200 \u20ac anuales.<\/li><li>En el caso de que el seguro\/s o ampliaciones solicitadas no acaben formaliz\u00e1ndose por cual motivo, en un periodo de 3 meses a contar desde su solicitud, o bien que se formalicen parcialmente sin llegar a la prima total de 200 \u20ac, el importe de la modalidad \u201cAhorro a Plazo PLUS\u201d se traspasar\u00e1 a la modalidad no plus.<\/li><li>La promoci\u00f3n se desactiva en el caso de solicitar la baja voluntaria de seguros a trav\u00e9s de La Mutua o de la corredur\u00eda de La Mutua durante el periodo en que est\u00e9 en vigor la modalidad Ahorro a Plazo Plus. El hecho de desactivar la promoci\u00f3n supone traspasar el saldo de la modalidad de Ahorro a Plazo Plus a la modalidad an\u00e1loga sin un tipo de inter\u00e9s anual plus.<\/li><li>En el caso de unidades familiares de primer grado (c\u00f3nyuge e hijos) se aceptar\u00e1 que el tomador del seguro personal a trav\u00e9s de La Mutua o del seguro a trav\u00e9s de la corredur\u00eda, sea una persona y el contratante del plazo sea otra persona con el primer grado de consanguinidad.<\/li><li>En el caso de empresas u otras personas jur\u00eddicas, ser\u00e1 v\u00e1lido a efectos de la prmoci\u00f3n que el contratante del Plan de Ahorro Multinversi\u00f3n sea el administrador, CEO o socio y que el tomado del seguro sea la empresa. Tambi\u00e9n ser\u00e1 v\u00e1lido a la inversa, es decir, que la empresa sea la contratante del Plan de Ahorro Multinversi\u00f3n y que el tomador del seguro o seguros sea el administrador, CEO o socio.<\/li><\/ul><p><strong>5. Persona beneficiaria de la Acci\u00f3n<\/strong><\/p><p>La persona beneficiaria de la Acci\u00f3n es la persona contratante\/tomadora del Plan de Ahorro Multinversi\u00f3n indicado en el punto 3, que cumplan los requisitos indicados en el punto 4.<\/p><p><strong>6. Aceptaci\u00f3n de las Bases<\/strong><\/p><p>Por el simple hecho de participar en la presente Acci\u00f3n, se aceptan sus Bases y el criterio de LA MUTUA respeto a la resoluci\u00f3n de cualquier cuesti\u00f3n no contemplada en las mismas.<\/p><p><strong>7. Publicidad de las Bases<\/strong><\/p><p>Las presentes Bases de la Acci\u00f3n \u201cAhorro a Plazo PLUS\u201d se encuentran a disposici\u00f3n del p\u00fablico en la p\u00e1gina web: <span style=\"text-decoration: underline; color: #000080;\">https:\/\/landing.mutua-ingenieros.com\/index.php\/bases-promocion-ebn-plus\/<\/span><\/p><p><strong>8. Tratamiento fiscal<\/strong><\/p><p>En el caso de que el Beneficio indicado en estas bases est\u00e9 sujeto a tributaci\u00f3n, corresponde a la persona perceptora su declaraci\u00f3n a la Administraci\u00f3n tributaria competente.<\/p>\t\t\t\t\t\t\t\t<\/div>\n\t\t\t\t<\/div>\n\t\t\t\t\t<\/div>\n\t\t<\/div>\n\t\t\t\t\t<\/div>\n\t\t<\/section>\n\t\t\t\t<section class=\"elementor-section elementor-top-section elementor-element elementor-element-5eb65ae elementor-section-height-min-height elementor-section-content-middle elementor-section-boxed elementor-section-height-default elementor-section-items-middle\" data-id=\"5eb65ae\" data-element_type=\"section\" data-e-type=\"section\" data-settings=\"{&quot;background_background&quot;:&quot;classic&quot;}\">\n\t\t\t\t\t\t<div class=\"elementor-container elementor-column-gap-default\">\n\t\t\t\t\t<div class=\"elementor-column elementor-col-50 elementor-top-column elementor-element elementor-element-76a44dc\" data-id=\"76a44dc\" data-element_type=\"column\" data-e-type=\"column\">\n\t\t\t<div class=\"elementor-widget-wrap elementor-element-populated\">\n\t\t\t\t\t\t<div class=\"elementor-element elementor-element-f5ab13b elementor-widget elementor-widget-text-editor\" data-id=\"f5ab13b\" data-element_type=\"widget\" data-e-type=\"widget\" data-widget_type=\"text-editor.default\">\n\t\t\t\t<div class=\"elementor-widget-container\">\n\t\t\t\t\t\t\t\t\t<p><span style=\"color: #182741;\">La Mutua de los Ingenieros &#8211; V\u00eda Layetana, 39 2\u00ba piso &#8211; Tel\u00e9fono:\u00a093 295 43 00 WhatsApp:\u00a0602 250 068<span style=\"font-family: var( --e-global-typography-text-font-family ), Sans-serif; font-weight: var( --e-global-typography-text-font-weight );\">\u00a0<\/span><\/span><span style=\"color: #ffffff;\"><span style=\"font-family: var( --e-global-typography-text-font-family ), Sans-serif; font-weight: var( --e-global-typography-text-font-weight );\"><a style=\"color: #ffffff;\" href=\"https:\/\/landing.mutua-ingenieros.com\/index.php\/elementor-3540\/\">\u00a0<\/a><\/span><a style=\"font-family: var( --e-global-typography-text-font-family ), Sans-serif; font-weight: var( --e-global-typography-text-font-weight ); background-color: #d1d5e0; color: #ffffff;\" href=\"https:\/\/landing.mutua-ingenieros.com\/index.php\/avisolegal-calzado\">Aviso legal<\/a><span style=\"font-family: var( --e-global-typography-text-font-family ), Sans-serif; font-weight: var( --e-global-typography-text-font-weight );\">.<\/span><\/span><\/p>\t\t\t\t\t\t\t\t<\/div>\n\t\t\t\t<\/div>\n\t\t\t\t\t<\/div>\n\t\t<\/div>\n\t\t\t\t<div class=\"elementor-column elementor-col-50 elementor-top-column elementor-element elementor-element-084e531\" data-id=\"084e531\" data-element_type=\"column\" data-e-type=\"column\">\n\t\t\t<div class=\"elementor-widget-wrap elementor-element-populated\">\n\t\t\t\t\t\t<div class=\"elementor-element elementor-element-62773f3 e-grid-align-right e-grid-align-mobile-center elementor-shape-rounded elementor-grid-0 elementor-widget elementor-widget-social-icons\" data-id=\"62773f3\" data-element_type=\"widget\" data-e-type=\"widget\" data-widget_type=\"social-icons.default\">\n\t\t\t\t<div class=\"elementor-widget-container\">\n\t\t\t\t\t\t\t<div class=\"elementor-social-icons-wrapper elementor-grid\" role=\"list\">\n\t\t\t\t\t\t\t<span class=\"elementor-grid-item\" role=\"listitem\">\n\t\t\t\t\t<a class=\"elementor-icon elementor-social-icon elementor-social-icon-linkedin-in elementor-repeater-item-415c051\" href=\"https:\/\/www.linkedin.com\/company\/lamutuadelsenginyers\" target=\"_blank\">\n\t\t\t\t\t\t<span class=\"elementor-screen-only\">Linkedin-in<\/span>\n\t\t\t\t\t\t<i aria-hidden=\"true\" class=\"fab fa-linkedin-in\"><\/i>\t\t\t\t\t<\/a>\n\t\t\t\t<\/span>\n\t\t\t\t\t\t\t<span class=\"elementor-grid-item\" role=\"listitem\">\n\t\t\t\t\t<a class=\"elementor-icon elementor-social-icon elementor-social-icon-twitter elementor-repeater-item-a3644d1\" href=\"https:\/\/twitter.com\/MutuaEnginyers\" target=\"_blank\">\n\t\t\t\t\t\t<span class=\"elementor-screen-only\">Twitter<\/span>\n\t\t\t\t\t\t<i aria-hidden=\"true\" class=\"fab fa-twitter\"><\/i>\t\t\t\t\t<\/a>\n\t\t\t\t<\/span>\n\t\t\t\t\t\t\t<span class=\"elementor-grid-item\" role=\"listitem\">\n\t\t\t\t\t<a class=\"elementor-icon elementor-social-icon elementor-social-icon-facebook-f elementor-repeater-item-993ef04\" href=\"https:\/\/www.facebook.com\/MutuaEnginyers\/\" target=\"_blank\">\n\t\t\t\t\t\t<span class=\"elementor-screen-only\">Facebook-f<\/span>\n\t\t\t\t\t\t<i aria-hidden=\"true\" class=\"fab fa-facebook-f\"><\/i>\t\t\t\t\t<\/a>\n\t\t\t\t<\/span>\n\t\t\t\t\t\t\t<span class=\"elementor-grid-item\" role=\"listitem\">\n\t\t\t\t\t<a class=\"elementor-icon elementor-social-icon elementor-social-icon-blog elementor-repeater-item-98ac601\" href=\"https:\/\/www.elblogdelaingenieria.com\/\" target=\"_blank\">\n\t\t\t\t\t\t<span class=\"elementor-screen-only\">Blog<\/span>\n\t\t\t\t\t\t<i aria-hidden=\"true\" class=\"fas fa-blog\"><\/i>\t\t\t\t\t<\/a>\n\t\t\t\t<\/span>\n\t\t\t\t\t<\/div>\n\t\t\t\t\t\t<\/div>\n\t\t\t\t<\/div>\n\t\t\t\t\t<\/div>\n\t\t<\/div>\n\t\t\t\t\t<\/div>\n\t\t<\/section>\n\t\t\t\t<\/div>\n\t\t","protected":false},"excerpt":{"rendered":"<p>Bases de la promoci\u00f3n 1. Empresa Organizadora La empresa organizadora de la acci\u00f3n \u201cAhorro a Plazo PLUS\u201d (de ahora en adelante, \u201cla Acci\u00f3n\u201d), que se regula mediante las presentes bases (de ahora en adelante, \u201cBases\u201d), es LA MUTUALIDAD DE LOS INGENIEROS MPS, con domicilio en V\u00cdA LAYETANA 39, 2\u00aa planta, 08003 Barcelona (de ahora en &hellip; <\/p>\n<p class=\"link-more\"><a href=\"https:\/\/landing.mutua-ingenieros.com\/index.php\/bases-promocion-ebn-plus\/\" class=\"more-link\">Continue reading<span class=\"screen-reader-text\"> &#8220;020- Bases promoci\u00f3n EBN PLUS&#8221;<\/span><\/a><\/p>\n","protected":false},"author":5,"featured_media":0,"parent":0,"menu_order":0,"comment_status":"closed","ping_status":"closed","template":"elementor_canvas","meta":{"_monsterinsights_skip_tracking":false,"_monsterinsights_sitenote_active":false,"_monsterinsights_sitenote_note":"","_monsterinsights_sitenote_category":0,"_joinchat":[],"footnotes":""},"class_list":["post-4785","page","type-page","status-publish","hentry"],"_links":{"self":[{"href":"https:\/\/landing.mutua-ingenieros.com\/index.php\/wp-json\/wp\/v2\/pages\/4785","targetHints":{"allow":["GET"]}}],"collection":[{"href":"https:\/\/landing.mutua-ingenieros.com\/index.php\/wp-json\/wp\/v2\/pages"}],"about":[{"href":"https:\/\/landing.mutua-ingenieros.com\/index.php\/wp-json\/wp\/v2\/types\/page"}],"author":[{"embeddable":true,"href":"https:\/\/landing.mutua-ingenieros.com\/index.php\/wp-json\/wp\/v2\/users\/5"}],"replies":[{"embeddable":true,"href":"https:\/\/landing.mutua-ingenieros.com\/index.php\/wp-json\/wp\/v2\/comments?post=4785"}],"version-history":[{"count":16,"href":"https:\/\/landing.mutua-ingenieros.com\/index.php\/wp-json\/wp\/v2\/pages\/4785\/revisions"}],"predecessor-version":[{"id":4803,"href":"https:\/\/landing.mutua-ingenieros.com\/index.php\/wp-json\/wp\/v2\/pages\/4785\/revisions\/4803"}],"wp:attachment":[{"href":"https:\/\/landing.mutua-ingenieros.com\/index.php\/wp-json\/wp\/v2\/media?parent=4785"}],"curies":[{"name":"wp","href":"https:\/\/api.w.org\/{rel}","templated":true}]}}