{"id":6505,"date":"2024-12-04T13:40:48","date_gmt":"2024-12-04T11:40:48","guid":{"rendered":"https:\/\/landing.mutua-ingenieros.com\/?page_id=6505"},"modified":"2024-12-05T10:16:44","modified_gmt":"2024-12-05T08:16:44","slug":"bases-legales-jamon","status":"publish","type":"page","link":"https:\/\/landing.mutua-ingenieros.com\/index.php\/bases-legales-jamon\/","title":{"rendered":"029 &#8211; Bases legales jam\u00f3n"},"content":{"rendered":"\t\t<div data-elementor-type=\"wp-page\" data-elementor-id=\"6505\" class=\"elementor elementor-6505\" data-elementor-post-type=\"page\">\n\t\t\t\t\t\t<section class=\"elementor-section elementor-top-section elementor-element elementor-element-a02118f elementor-section-boxed elementor-section-height-default elementor-section-height-default\" data-id=\"a02118f\" data-element_type=\"section\" data-e-type=\"section\">\n\t\t\t\t\t\t<div class=\"elementor-container elementor-column-gap-default\">\n\t\t\t\t\t<div class=\"elementor-column elementor-col-100 elementor-top-column elementor-element elementor-element-a947f9e\" data-id=\"a947f9e\" data-element_type=\"column\" data-e-type=\"column\">\n\t\t\t<div class=\"elementor-widget-wrap elementor-element-populated\">\n\t\t\t\t\t\t<div class=\"elementor-element elementor-element-fbc1e38 elementor-widget elementor-widget-image\" data-id=\"fbc1e38\" data-element_type=\"widget\" data-e-type=\"widget\" data-widget_type=\"image.default\">\n\t\t\t\t<div class=\"elementor-widget-container\">\n\t\t\t\t\t\t\t\t\t\t\t\t\t\t\t<img decoding=\"async\" width=\"300\" height=\"150\" src=\"https:\/\/landing.mutua-ingenieros.com\/wp-content\/uploads\/2024\/10\/01_Marca_Color-MUTUA-CAST-300x150.png\" class=\"attachment-medium size-medium wp-image-6346\" alt=\"logo mutua ingenieros\" srcset=\"https:\/\/landing.mutua-ingenieros.com\/wp-content\/uploads\/2024\/10\/01_Marca_Color-MUTUA-CAST-300x150.png 300w, https:\/\/landing.mutua-ingenieros.com\/wp-content\/uploads\/2024\/10\/01_Marca_Color-MUTUA-CAST-1024x512.png 1024w, https:\/\/landing.mutua-ingenieros.com\/wp-content\/uploads\/2024\/10\/01_Marca_Color-MUTUA-CAST-768x384.png 768w, https:\/\/landing.mutua-ingenieros.com\/wp-content\/uploads\/2024\/10\/01_Marca_Color-MUTUA-CAST-1536x768.png 1536w, https:\/\/landing.mutua-ingenieros.com\/wp-content\/uploads\/2024\/10\/01_Marca_Color-MUTUA-CAST.png 2000w\" sizes=\"100vw\" \/>\t\t\t\t\t\t\t\t\t\t\t\t\t\t\t<\/div>\n\t\t\t\t<\/div>\n\t\t\t\t\t<\/div>\n\t\t<\/div>\n\t\t\t\t\t<\/div>\n\t\t<\/section>\n\t\t\t\t<section class=\"elementor-section elementor-top-section elementor-element elementor-element-fca28db elementor-section-boxed elementor-section-height-default elementor-section-height-default\" data-id=\"fca28db\" data-element_type=\"section\" data-e-type=\"section\">\n\t\t\t\t\t\t<div class=\"elementor-container elementor-column-gap-default\">\n\t\t\t\t\t<div class=\"elementor-column elementor-col-100 elementor-top-column elementor-element elementor-element-9626782\" data-id=\"9626782\" data-element_type=\"column\" data-e-type=\"column\">\n\t\t\t<div class=\"elementor-widget-wrap elementor-element-populated\">\n\t\t\t\t\t\t<div class=\"elementor-element elementor-element-c10dd3d elementor-widget elementor-widget-heading\" data-id=\"c10dd3d\" data-element_type=\"widget\" data-e-type=\"widget\" data-widget_type=\"heading.default\">\n\t\t\t\t<div class=\"elementor-widget-container\">\n\t\t\t\t\t<h2 class=\"elementor-heading-title elementor-size-default\">Bases de la promoci\u00f3n<\/h2>\t\t\t\t<\/div>\n\t\t\t\t<\/div>\n\t\t\t\t\t<\/div>\n\t\t<\/div>\n\t\t\t\t\t<\/div>\n\t\t<\/section>\n\t\t\t\t<section class=\"elementor-section elementor-top-section elementor-element elementor-element-fd7b319 elementor-section-boxed elementor-section-height-default elementor-section-height-default\" data-id=\"fd7b319\" data-element_type=\"section\" data-e-type=\"section\">\n\t\t\t\t\t\t<div class=\"elementor-container elementor-column-gap-default\">\n\t\t\t\t\t<div class=\"elementor-column elementor-col-100 elementor-top-column elementor-element elementor-element-e88b741\" data-id=\"e88b741\" data-element_type=\"column\" data-e-type=\"column\">\n\t\t\t<div class=\"elementor-widget-wrap elementor-element-populated\">\n\t\t\t\t\t\t<div class=\"elementor-element elementor-element-31b2afb elementor-widget elementor-widget-text-editor\" data-id=\"31b2afb\" data-element_type=\"widget\" data-e-type=\"widget\" data-widget_type=\"text-editor.default\">\n\t\t\t\t<div class=\"elementor-widget-container\">\n\t\t\t\t\t\t\t\t\t<p>Prima m\u00ednima anual de 150 \u20ac. La prima m\u00ednima de 150 \u20ac anual se aplica a la suma total de las primas de nuevos seguros personales contratados con La Mutua de los Ingenieros o ampliaciones de seguros ya contratados con esta entidad, siempre que sean solicitados durante el mes de diciembre de 2024 y que la fecha de efecto de todos ellos sea dentro del a\u00f1o 2024.<\/p>\n<ul>\n<li style=\"list-style-type: none;\">\n<ul>\n<li>En el caso de ampliaciones, el incremento de prima anual resultante de la ampliaci\u00f3n contar\u00e1 para alcanzar el m\u00ednimo de 150 \u20ac.<\/li>\n<li>Se permite sumar las primas de m\u00e1s de un seguro o ampliaci\u00f3n para llegar a la cantidad m\u00ednima requerida.<\/li>\n<\/ul>\n<\/li>\n<\/ul>\n<p><strong>Entrega de la paleta de jam\u00f3n<\/strong><\/p>\n<p>La entrega de la paleta de jam\u00f3n se har\u00e1 efectiva a partir del momento de la emisi\u00f3n del seguro. La entrega est\u00e1 sujeta a la verificaci\u00f3n de la emisi\u00f3n y al cumplimiento de las condiciones de la promoci\u00f3n.<\/p>\n<p><strong>Permanencia m\u00ednima<\/strong><\/p>\n<p>Se requiere una permanencia m\u00ednima de 12 meses desde la fecha de efecto del seguro. En caso de cancelaci\u00f3n anticipada, La Mutua de los Ingenieros se reserva el derecho de reclamar el coste del obsequio entregado.<\/p>\n<p><strong>Exclusiones<\/strong><\/p>\n<p>Esta promoci\u00f3n no es acumulable con otras promociones o descuentos vigentes.<br \/>Quedan excluidos los seguros colectivos, as\u00ed como aquellos seguros contratados con otras entidades aseguradoras, o los que no cumplan con las condiciones de prima m\u00ednima.<\/p>\n<p><strong>Fiscalidad<\/strong><\/p>\n<p>Esta promoci\u00f3n est\u00e1 sujeta a la normativa fiscal vigente.<\/p>\n<p><strong>Limitaci\u00f3n de existencias<\/strong><\/p>\n<p>La promoci\u00f3n estar\u00e1 vigente hasta agotar existencias, limitadas a un m\u00e1ximo de 50 paletas de jam\u00f3n.<\/p>\n<p><strong>Otras condiciones<\/strong><\/p>\n<p>La participaci\u00f3n en esta promoci\u00f3n implica la aceptaci\u00f3n de todas las condiciones establecidas. La Mutua de los Ingenieros se reserva el derecho de modificar o cancelar la promoci\u00f3n en caso de circunstancias excepcionales que lo justifiquen, con el compromiso de comunicarlo con antelaci\u00f3n suficiente.<\/p>\n<p><!-- \/wp:paragraph --><\/p>\t\t\t\t\t\t\t\t<\/div>\n\t\t\t\t<\/div>\n\t\t\t\t\t<\/div>\n\t\t<\/div>\n\t\t\t\t\t<\/div>\n\t\t<\/section>\n\t\t\t\t<section class=\"elementor-section elementor-top-section elementor-element elementor-element-5835319 elementor-section-height-min-height elementor-section-content-middle elementor-section-boxed elementor-section-height-default elementor-section-items-middle\" data-id=\"5835319\" data-element_type=\"section\" data-e-type=\"section\" data-settings=\"{&quot;background_background&quot;:&quot;classic&quot;}\">\n\t\t\t\t\t\t<div class=\"elementor-container elementor-column-gap-default\">\n\t\t\t\t\t<div class=\"elementor-column elementor-col-50 elementor-top-column elementor-element elementor-element-51aff94\" data-id=\"51aff94\" data-element_type=\"column\" data-e-type=\"column\">\n\t\t\t<div class=\"elementor-widget-wrap elementor-element-populated\">\n\t\t\t\t\t\t<div class=\"elementor-element elementor-element-51312ab elementor-widget elementor-widget-text-editor\" data-id=\"51312ab\" data-element_type=\"widget\" data-e-type=\"widget\" data-widget_type=\"text-editor.default\">\n\t\t\t\t<div class=\"elementor-widget-container\">\n\t\t\t\t\t\t\t\t\t<p><span style=\"color: #182741;\">La Mutua de los Ingenieros &#8211; V\u00eda Layetana, 39 2\u00ba piso &#8211; Tel\u00e9fono:\u00a093 295 43 00 WhatsApp:\u00a0602 250 068<span style=\"font-family: var( --e-global-typography-text-font-family ), Sans-serif; font-weight: var( --e-global-typography-text-font-weight );\">\u00a0<\/span><\/span><span style=\"color: #ffffff;\"><span style=\"font-family: var( --e-global-typography-text-font-family ), Sans-serif; font-weight: var( --e-global-typography-text-font-weight );\"><a style=\"color: #ffffff;\" href=\"https:\/\/landing.mutua-ingenieros.com\/index.php\/elementor-3540\/\">\u00a0<\/a><\/span><a style=\"font-family: var( --e-global-typography-text-font-family ), Sans-serif; font-weight: var( --e-global-typography-text-font-weight ); background-color: #d1d5e0; color: #ffffff;\" href=\"https:\/\/landing.mutua-ingenieros.com\/index.php\/avisolegal-calzado\">Aviso legal<\/a><span style=\"font-family: var( --e-global-typography-text-font-family ), Sans-serif; font-weight: var( --e-global-typography-text-font-weight );\">.<\/span><\/span><\/p>\t\t\t\t\t\t\t\t<\/div>\n\t\t\t\t<\/div>\n\t\t\t\t\t<\/div>\n\t\t<\/div>\n\t\t\t\t<div class=\"elementor-column elementor-col-50 elementor-top-column elementor-element elementor-element-8eedbf1\" data-id=\"8eedbf1\" data-element_type=\"column\" data-e-type=\"column\">\n\t\t\t<div class=\"elementor-widget-wrap elementor-element-populated\">\n\t\t\t\t\t\t<div class=\"elementor-element elementor-element-12951f9 e-grid-align-right e-grid-align-mobile-center elementor-shape-rounded elementor-grid-0 elementor-widget elementor-widget-social-icons\" data-id=\"12951f9\" data-element_type=\"widget\" data-e-type=\"widget\" data-widget_type=\"social-icons.default\">\n\t\t\t\t<div class=\"elementor-widget-container\">\n\t\t\t\t\t\t\t<div class=\"elementor-social-icons-wrapper elementor-grid\" role=\"list\">\n\t\t\t\t\t\t\t<span class=\"elementor-grid-item\" role=\"listitem\">\n\t\t\t\t\t<a class=\"elementor-icon elementor-social-icon elementor-social-icon-linkedin-in elementor-repeater-item-415c051\" href=\"https:\/\/www.linkedin.com\/company\/lamutuadelsenginyers\" target=\"_blank\">\n\t\t\t\t\t\t<span class=\"elementor-screen-only\">Linkedin-in<\/span>\n\t\t\t\t\t\t<i aria-hidden=\"true\" class=\"fab fa-linkedin-in\"><\/i>\t\t\t\t\t<\/a>\n\t\t\t\t<\/span>\n\t\t\t\t\t\t\t<span class=\"elementor-grid-item\" role=\"listitem\">\n\t\t\t\t\t<a class=\"elementor-icon elementor-social-icon elementor-social-icon- elementor-repeater-item-a3644d1\" href=\"https:\/\/twitter.com\/MutuaEnginyers\" target=\"_blank\">\n\t\t\t\t\t\t<span class=\"elementor-screen-only\"><\/span>\n\t\t\t\t\t\t<svg xmlns=\"http:\/\/www.w3.org\/2000\/svg\" id=\"Capa_1\" viewBox=\"0 0 1226.37 1226.37\"><path d=\"m727.348 519.284 446.727-519.284h-105.86l-387.893 450.887-309.809-450.887h-357.328l468.492 681.821-468.492 544.549h105.866l409.625-476.152 327.181 476.152h357.328l-485.863-707.086zm-144.998 168.544-47.468-67.894-377.686-540.24h162.604l304.797 435.991 47.468 67.894 396.2 566.721h-162.604l-323.311-462.446z\"><\/path><g><\/g><g><\/g><g><\/g><g><\/g><g><\/g><g><\/g><g><\/g><g><\/g><g><\/g><g><\/g><g><\/g><g><\/g><g><\/g><g><\/g><g><\/g><\/svg>\t\t\t\t\t<\/a>\n\t\t\t\t<\/span>\n\t\t\t\t\t\t\t<span class=\"elementor-grid-item\" role=\"listitem\">\n\t\t\t\t\t<a class=\"elementor-icon elementor-social-icon elementor-social-icon-facebook-f elementor-repeater-item-993ef04\" href=\"https:\/\/www.facebook.com\/MutuaEnginyers\/\" target=\"_blank\">\n\t\t\t\t\t\t<span class=\"elementor-screen-only\">Facebook-f<\/span>\n\t\t\t\t\t\t<i aria-hidden=\"true\" class=\"fab fa-facebook-f\"><\/i>\t\t\t\t\t<\/a>\n\t\t\t\t<\/span>\n\t\t\t\t\t\t\t<span class=\"elementor-grid-item\" role=\"listitem\">\n\t\t\t\t\t<a class=\"elementor-icon elementor-social-icon elementor-social-icon-blog elementor-repeater-item-98ac601\" href=\"https:\/\/www.elblogdelaingenieria.com\/\" target=\"_blank\">\n\t\t\t\t\t\t<span class=\"elementor-screen-only\">Blog<\/span>\n\t\t\t\t\t\t<i aria-hidden=\"true\" class=\"fas fa-blog\"><\/i>\t\t\t\t\t<\/a>\n\t\t\t\t<\/span>\n\t\t\t\t\t<\/div>\n\t\t\t\t\t\t<\/div>\n\t\t\t\t<\/div>\n\t\t\t\t\t<\/div>\n\t\t<\/div>\n\t\t\t\t\t<\/div>\n\t\t<\/section>\n\t\t\t\t<\/div>\n\t\t","protected":false},"excerpt":{"rendered":"<p>Bases de la promoci\u00f3n Prima m\u00ednima anual de 150 \u20ac. La prima m\u00ednima de 150 \u20ac anual se aplica a la suma total de las primas de nuevos seguros personales contratados con La Mutua de los Ingenieros o ampliaciones de seguros ya contratados con esta entidad, siempre que sean solicitados durante el mes de diciembre &hellip; <\/p>\n<p class=\"link-more\"><a href=\"https:\/\/landing.mutua-ingenieros.com\/index.php\/bases-legales-jamon\/\" class=\"more-link\">Continue reading<span class=\"screen-reader-text\"> &#8220;029 &#8211; Bases legales jam\u00f3n&#8221;<\/span><\/a><\/p>\n","protected":false},"author":5,"featured_media":0,"parent":0,"menu_order":0,"comment_status":"closed","ping_status":"closed","template":"","meta":{"_monsterinsights_skip_tracking":false,"_monsterinsights_sitenote_active":false,"_monsterinsights_sitenote_note":"","_monsterinsights_sitenote_category":0,"_joinchat":[],"footnotes":""},"class_list":["post-6505","page","type-page","status-publish","hentry"],"_links":{"self":[{"href":"https:\/\/landing.mutua-ingenieros.com\/index.php\/wp-json\/wp\/v2\/pages\/6505","targetHints":{"allow":["GET"]}}],"collection":[{"href":"https:\/\/landing.mutua-ingenieros.com\/index.php\/wp-json\/wp\/v2\/pages"}],"about":[{"href":"https:\/\/landing.mutua-ingenieros.com\/index.php\/wp-json\/wp\/v2\/types\/page"}],"author":[{"embeddable":true,"href":"https:\/\/landing.mutua-ingenieros.com\/index.php\/wp-json\/wp\/v2\/users\/5"}],"replies":[{"embeddable":true,"href":"https:\/\/landing.mutua-ingenieros.com\/index.php\/wp-json\/wp\/v2\/comments?post=6505"}],"version-history":[{"count":13,"href":"https:\/\/landing.mutua-ingenieros.com\/index.php\/wp-json\/wp\/v2\/pages\/6505\/revisions"}],"predecessor-version":[{"id":6522,"href":"https:\/\/landing.mutua-ingenieros.com\/index.php\/wp-json\/wp\/v2\/pages\/6505\/revisions\/6522"}],"wp:attachment":[{"href":"https:\/\/landing.mutua-ingenieros.com\/index.php\/wp-json\/wp\/v2\/media?parent=6505"}],"curies":[{"name":"wp","href":"https:\/\/api.w.org\/{rel}","templated":true}]}}