{"id":711,"date":"2019-10-08T17:04:32","date_gmt":"2019-10-08T15:04:32","guid":{"rendered":"https:\/\/landing.mutua-ingenieros.com\/?page_id=711"},"modified":"2020-01-20T10:32:46","modified_gmt":"2020-01-20T08:32:46","slug":"protecciondedatos","status":"publish","type":"page","link":"https:\/\/landing.mutua-ingenieros.com\/index.php\/protecciondedatos\/","title":{"rendered":"INFORMACI\u00d3N SOBRE PROTECCI\u00d3N DE DATOS"},"content":{"rendered":"\t\t<div data-elementor-type=\"wp-page\" data-elementor-id=\"711\" class=\"elementor elementor-711\" data-elementor-post-type=\"page\">\n\t\t\t\t\t\t<section class=\"elementor-section elementor-top-section elementor-element elementor-element-e179f4b elementor-section-boxed elementor-section-height-default elementor-section-height-default\" data-id=\"e179f4b\" data-element_type=\"section\" data-e-type=\"section\">\n\t\t\t\t\t\t<div class=\"elementor-container elementor-column-gap-default\">\n\t\t\t\t\t<div class=\"elementor-column elementor-col-100 elementor-top-column elementor-element elementor-element-3cbc2b5\" data-id=\"3cbc2b5\" data-element_type=\"column\" data-e-type=\"column\">\n\t\t\t<div class=\"elementor-widget-wrap elementor-element-populated\">\n\t\t\t\t\t\t<div class=\"elementor-element elementor-element-15d7a80 elementor-widget elementor-widget-image\" data-id=\"15d7a80\" data-element_type=\"widget\" data-e-type=\"widget\" data-widget_type=\"image.default\">\n\t\t\t\t<div class=\"elementor-widget-container\">\n\t\t\t\t\t\t\t\t\t\t\t\t\t\t\t<img fetchpriority=\"high\" decoding=\"async\" width=\"300\" height=\"257\" src=\"https:\/\/landing.mutua-ingenieros.com\/wp-content\/uploads\/2018\/07\/logo-grup-mutua-esp-300x257.jpg\" class=\"attachment-medium size-medium wp-image-121\" alt=\"\" srcset=\"https:\/\/landing.mutua-ingenieros.com\/wp-content\/uploads\/2018\/07\/logo-grup-mutua-esp-300x257.jpg 300w, https:\/\/landing.mutua-ingenieros.com\/wp-content\/uploads\/2018\/07\/logo-grup-mutua-esp-768x658.jpg 768w, https:\/\/landing.mutua-ingenieros.com\/wp-content\/uploads\/2018\/07\/logo-grup-mutua-esp-1024x878.jpg 1024w, https:\/\/landing.mutua-ingenieros.com\/wp-content\/uploads\/2018\/07\/logo-grup-mutua-esp.jpg 1063w\" sizes=\"100vw\" \/>\t\t\t\t\t\t\t\t\t\t\t\t\t\t\t<\/div>\n\t\t\t\t<\/div>\n\t\t\t\t<div class=\"elementor-element elementor-element-664b4cf elementor-widget-divider--view-line elementor-widget elementor-widget-divider\" data-id=\"664b4cf\" data-element_type=\"widget\" data-e-type=\"widget\" data-widget_type=\"divider.default\">\n\t\t\t\t<div class=\"elementor-widget-container\">\n\t\t\t\t\t\t\t<div class=\"elementor-divider\">\n\t\t\t<span class=\"elementor-divider-separator\">\n\t\t\t\t\t\t<\/span>\n\t\t<\/div>\n\t\t\t\t\t\t<\/div>\n\t\t\t\t<\/div>\n\t\t\t\t\t<\/div>\n\t\t<\/div>\n\t\t\t\t\t<\/div>\n\t\t<\/section>\n\t\t\t\t<section class=\"elementor-section elementor-top-section elementor-element elementor-element-75f9ae9 elementor-section-boxed elementor-section-height-default elementor-section-height-default\" data-id=\"75f9ae9\" data-element_type=\"section\" data-e-type=\"section\">\n\t\t\t\t\t\t<div class=\"elementor-container elementor-column-gap-default\">\n\t\t\t\t\t<div class=\"elementor-column elementor-col-100 elementor-top-column elementor-element elementor-element-29e0b03\" data-id=\"29e0b03\" data-element_type=\"column\" data-e-type=\"column\">\n\t\t\t<div class=\"elementor-widget-wrap elementor-element-populated\">\n\t\t\t\t\t\t<div class=\"elementor-element elementor-element-6fd0666 elementor-widget elementor-widget-text-editor\" data-id=\"6fd0666\" data-element_type=\"widget\" data-e-type=\"widget\" data-widget_type=\"text-editor.default\">\n\t\t\t\t<div class=\"elementor-widget-container\">\n\t\t\t\t\t\t\t\t\t<p style=\"text-align: center;\"><strong>INFORMACI\u00d3N PROTECCI\u00d3N DE DATOS <\/strong><strong>PARA ACTOS ORGANIZADOS POR LA MUTUA<\/strong><\/p><p><u>INFORMACI\u00d3N SOBRE PROTECCI\u00d3N DE DATOS<\/u><\/p><p>Con la firma de este documento usted consiente que los datos personales que proporciona en este formulario sean tratados por La Mutualidad de los Ingenieros, MPS (\u201cMutua de los Ingenieros\u201d) como responsable del tratamiento con el fin de gestionar su participaci\u00f3n en el acto organizado por La Mutua de los Ingenieros y, si procede, mantenerlo informado de los productos y servicios del Grupo La Mutua de los Ingenieros que puedan ser de su inter\u00e9s.<\/p><p>La legitimaci\u00f3n para tratar los datos se basa en el consentimiento que usted nos presta. Los destinatarios de los datos son empresas del Grupo La Mutua de los Ingenieros y pueden incluir otros destinatarios necesarios para poder dar cumplimiento en nuestras obligaciones legales y a las finalidades se\u00f1aladas. No se contempla la transferencia internacional de datos.<\/p><p>Usted tiene derecho a acceder, rectificar y suprimir los datos, as\u00ed como otros derechos que se explican en m\u00e1s detalle a nuestra Pol\u00edtica de Protecci\u00f3n de Datos, que puede encontrar en nuestra p\u00e1gina web <a href=\"https:\/\/www.mutua-enginyers.com\/es\/rgpd\/politica_de_privacitat\">https:\/\/www.mutua-enginyers.com\/es\/rgpd\/politica_de_privacitat<\/a>, o que puede pedir en papel en cualquiera de nuestras oficinas.<\/p><p>Si usted desea recibir informaci\u00f3n de los productos y servicios del Grupo La Mutua de los Ingenieros, por favor marque la siguiente casilla:<\/p><ul><li style=\"list-style-type: none;\"><ul><li style=\"list-style-type: none;\"><ul><li>S\u00ed, acepto que mis datos sean utilizados para enviar informaci\u00f3n comercial del Grupo La Mutua de los Ingenieros.<\/li><\/ul><\/li><\/ul><\/li><\/ul><p>Por el hecho de participar en este acto usted acepta que La Mutua de los Ingenieros haga fotograf\u00edas o videos relativos a su participaci\u00f3n y autoriza a hacer uso de las im\u00e1genes para su publicaci\u00f3n en webs, blogs, redes sociales, revistas y otras publicaciones que hagan referencia a este acontecimiento.<\/p><p>\u00a0<\/p><p>\u00a0<\/p><p>\u00a0<\/p>\t\t\t\t\t\t\t\t<\/div>\n\t\t\t\t<\/div>\n\t\t\t\t\t<\/div>\n\t\t<\/div>\n\t\t\t\t\t<\/div>\n\t\t<\/section>\n\t\t\t\t<\/div>\n\t\t","protected":false},"excerpt":{"rendered":"<p>INFORMACI\u00d3N PROTECCI\u00d3N DE DATOS PARA ACTOS ORGANIZADOS POR LA MUTUA INFORMACI\u00d3N SOBRE PROTECCI\u00d3N DE DATOS Con la firma de este documento usted consiente que los datos personales que proporciona en este formulario sean tratados por La Mutualidad de los Ingenieros, MPS (\u201cMutua de los Ingenieros\u201d) como responsable del tratamiento con el fin de gestionar su &hellip; <\/p>\n<p class=\"link-more\"><a href=\"https:\/\/landing.mutua-ingenieros.com\/index.php\/protecciondedatos\/\" class=\"more-link\">Continue reading<span class=\"screen-reader-text\"> &#8220;INFORMACI\u00d3N SOBRE PROTECCI\u00d3N DE DATOS&#8221;<\/span><\/a><\/p>\n","protected":false},"author":6,"featured_media":0,"parent":0,"menu_order":0,"comment_status":"closed","ping_status":"closed","template":"elementor_canvas","meta":{"_monsterinsights_skip_tracking":false,"_monsterinsights_sitenote_active":false,"_monsterinsights_sitenote_note":"","_monsterinsights_sitenote_category":0,"_joinchat":[],"footnotes":""},"class_list":["post-711","page","type-page","status-publish","hentry"],"_links":{"self":[{"href":"https:\/\/landing.mutua-ingenieros.com\/index.php\/wp-json\/wp\/v2\/pages\/711","targetHints":{"allow":["GET"]}}],"collection":[{"href":"https:\/\/landing.mutua-ingenieros.com\/index.php\/wp-json\/wp\/v2\/pages"}],"about":[{"href":"https:\/\/landing.mutua-ingenieros.com\/index.php\/wp-json\/wp\/v2\/types\/page"}],"author":[{"embeddable":true,"href":"https:\/\/landing.mutua-ingenieros.com\/index.php\/wp-json\/wp\/v2\/users\/6"}],"replies":[{"embeddable":true,"href":"https:\/\/landing.mutua-ingenieros.com\/index.php\/wp-json\/wp\/v2\/comments?post=711"}],"version-history":[{"count":2,"href":"https:\/\/landing.mutua-ingenieros.com\/index.php\/wp-json\/wp\/v2\/pages\/711\/revisions"}],"predecessor-version":[{"id":713,"href":"https:\/\/landing.mutua-ingenieros.com\/index.php\/wp-json\/wp\/v2\/pages\/711\/revisions\/713"}],"wp:attachment":[{"href":"https:\/\/landing.mutua-ingenieros.com\/index.php\/wp-json\/wp\/v2\/media?parent=711"}],"curies":[{"name":"wp","href":"https:\/\/api.w.org\/{rel}","templated":true}]}}